{"id":76,"date":"2024-04-11T13:20:42","date_gmt":"2024-04-11T13:20:42","guid":{"rendered":"https:\/\/cidw.de\/?page_id=76"},"modified":"2024-04-18T07:39:04","modified_gmt":"2024-04-18T07:39:04","slug":"training","status":"publish","type":"page","link":"https:\/\/cidw.de\/en\/training\/","title":{"rendered":"Training"},"content":{"rendered":"<div class=\"wp-block-columns alignfull is-layout-flex wp-container-core-columns-is-layout-4 wp-block-columns-is-layout-flex\"><div class=\"wp-block-column is-layout-flow wp-block-column-is-layout-flow\" style=\"flex-basis:100%\"><div class=\"wp-block-cover\"><span aria-hidden=\"true\" class=\"wp-block-cover__background has-background-dim\"><\/span><img decoding=\"async\" class=\"wp-block-cover__image-background wp-image-116\" alt=\"\" src=\"https:\/\/cidwinstitute.files.wordpress.com\/2024\/04\/seminar_headerbild-5.jpeg?w=1024\" data-object-fit=\"cover\"\/><div class=\"wp-block-cover__inner-container is-layout-flow wp-block-cover-is-layout-flow\"><p class=\"has-text-align-center\" style=\"font-size:clamp(31.609px, 1.976rem + ((1vw - 3.2px) * 2.541), 56px);\"><strong>TRAINING<\/strong><\/p><\/div><\/div>\n\n<div class=\"wp-block-cover alignfull is-light has-text-color\" style=\"color:#212529;margin-top:0;margin-bottom:0;padding-top:0px;padding-right:0;padding-bottom:0px;padding-left:0;min-height:272px;aspect-ratio:unset;\"><span aria-hidden=\"true\" class=\"wp-block-cover__background has-background-dim-100 has-background-dim\" style=\"background-color:#f0ede9\"><\/span><div class=\"wp-block-cover__inner-container has-global-padding is-layout-constrained wp-container-core-cover-is-layout-2 wp-block-cover-is-layout-constrained\"><div class=\"wp-block-columns is-layout-flex wp-container-core-columns-is-layout-1 wp-block-columns-is-layout-flex\"><div class=\"wp-block-column is-layout-flow wp-block-column-is-layout-flow\" style=\"padding-top:0px;padding-right:0px;padding-bottom:0px;padding-left:0px\"><div style=\"height:8px\" aria-hidden=\"true\" class=\"wp-block-spacer\"><\/div>\n\n<div class=\"wp-block-group has-global-padding is-layout-constrained wp-block-group-is-layout-constrained\"><div class=\"wp-block-group alignwide is-layout-flex wp-container-core-group-is-layout-2 wp-block-group-is-layout-flex\" style=\"margin-top:0;margin-bottom:0;padding-top:var(--wp--preset--spacing--20);padding-right:0;padding-bottom:var(--wp--preset--spacing--20);padding-left:0\"><div class=\"wp-block-group alignwide is-vertical is-layout-flex wp-container-core-group-is-layout-1 wp-block-group-is-layout-flex\" style=\"padding-top:0;padding-right:0;padding-bottom:0;padding-left:0\"><p>Hardly any country is evolving as dynamically as China. Staying on top of current developments \u2014 and factoring them into your China strategy \u2014 is crucial. Our seminars keep you informed and strategically prepared.<\/p>\n\n<p><br>All our seminars are grounded in solid academic research while being highly practice-oriented. Whether you\u2019re looking for an initial overview or want to dive deep, whether you\u2019re preparing for your first negotiations and business dealings in or with China or are already active \u2014 our speakers offer in-depth insights and share many current and engaging real-world examples.<\/p>\n\n<p><br>We are happy to offer you customized training programs. If your topic is not listed here, please feel free to contact us.<a href=\"https:\/\/cidw.de\/en\/140-2\/\" data-type=\"page\" data-id=\"140\"> <\/a><a href=\"mailto:info@cidw.de\" data-type=\"page\" data-id=\"140\">weitere Informationen<\/a>.<\/p><\/div><\/div>\n\n<div style=\"height:11px\" aria-hidden=\"true\" class=\"wp-block-spacer\"><\/div><\/div><\/div><\/div><\/div><\/div>\n\n<section class=\"wp-block-group alignfull has-text-color has-background has-global-padding is-content-justification-center is-layout-constrained wp-container-core-group-is-layout-7 wp-block-group-is-layout-constrained\" style=\"border-style:none;border-width:0px;color:#fffffd;background-color:#a8272d;min-height:0px;margin-top:0px;margin-bottom:0px;padding-top:0;padding-right:0;padding-bottom:0;padding-left:0;font-size:0rem;font-style:normal;font-weight:400;line-height:1.6\"><div style=\"height:51px\" aria-hidden=\"true\" class=\"wp-block-spacer\"><\/div>\n\n<p><\/p>\n\n<div class=\"wp-block-group alignfull is-layout-flow wp-block-group-is-layout-flow\" style=\"margin-top:0;margin-bottom:0;padding-top:2.5rem;padding-right:0;padding-bottom:2.5rem;padding-left:0\"><div class=\"wp-block-group has-global-padding is-layout-constrained wp-container-core-group-is-layout-4 wp-block-group-is-layout-constrained\" style=\"margin-top:0;margin-bottom:0;padding-top:0;padding-right:0;padding-bottom:0;padding-left:0\"><h1 class=\"wp-block-heading has-text-align-center has-text-color\" style=\"color:#ffffff;margin-top:0.5rem;margin-right:0;margin-bottom:0rem;font-size:clamp(1.551rem, 1.551rem + ((1vw - 0.2rem) * 1.748), 2.6rem);font-style:normal;font-weight:600;line-height:1.3\">OUR SEMINARS<\/h1>\n\n<h2 class=\"wp-block-heading has-text-align-center has-text-color\" style=\"color:#ffffff;margin-top:0.5rem;margin-bottom:4.51rem;font-size:clamp(0.875rem, 0.875rem + ((1vw - 0.2rem) * 0.708), 1.3rem);font-style:normal;font-weight:600;line-height:1.3\">PRACTICALLY RELEVANT \u2013 ENGAGING \u2013 TIMELY <\/h2><\/div>\n\n<div class=\"wp-block-columns is-layout-flex wp-container-core-columns-is-layout-2 wp-block-columns-is-layout-flex\"><div class=\"wp-block-column has-global-padding is-layout-constrained wp-container-core-column-is-layout-2 wp-block-column-is-layout-constrained\" style=\"border-right-color:#ffffff40;border-right-width:1px;padding-right:2.61rem;padding-left:2.61rem\"><figure class=\"wp-block-image size-full\"><img decoding=\"async\" src=\"https:\/\/cidwinstitute.files.wordpress.com\/2024\/04\/seminar_wirtschaft_sized.jpg\" alt=\"\" class=\"wp-image-121\" style=\"object-fit:cover\"\/><\/figure>\n\n<h6 class=\"wp-block-heading has-text-align-left has-text-color has-mulish-font-family\" style=\"color:#ffffff;margin-top:1.01rem;margin-bottom:1.13rem;font-size:clamp(0.935rem, 0.935rem + ((1vw - 0.2rem) * 0.792), 1.41rem);font-style:normal;font-weight:500;line-height:1.3\">CHINA ECONOMIC AND INDUSTRIAL POLICY<\/h6>\n\n<p style=\"font-size:clamp(0.875rem, 0.875rem + ((1vw - 0.2rem) * 0.042), 0.9rem);\">Chinese state capitalism is defined by three fundamental characteristics: long-term planning, dynamic adaptability, and a strong profit orientation. For Western observers, the interaction of these elements can often appear paradoxical, as they seem, at first glance, to be  contradictory.<\/p>\n\n<p style=\"font-size:clamp(0.875rem, 0.875rem + ((1vw - 0.2rem) * 0.042), 0.9rem);\">This seminar offers a comprehensive overview of China\u2019s economic and industrial planning system, outlining the key opportunities and risks for German businesses.<\/p>\n\n<div style=\"height:54px\" aria-hidden=\"true\" class=\"wp-block-spacer\"><\/div><\/div>\n\n<div class=\"wp-block-column has-global-padding is-layout-constrained wp-container-core-column-is-layout-3 wp-block-column-is-layout-constrained\" style=\"border-right-color:#ffffff40;border-right-width:1px;padding-right:2.61rem;padding-left:2.61rem\"><figure class=\"wp-block-image size-full\"><img decoding=\"async\" src=\"https:\/\/cidwinstitute.files.wordpress.com\/2024\/04\/seminar_recht.jpeg\" alt=\"\" class=\"wp-image-122\" style=\"object-fit:cover\"\/><\/figure>\n\n<h6 class=\"wp-block-heading has-text-align-left has-text-color has-mulish-font-family\" style=\"color:#ffffff;margin-top:1.01rem;margin-bottom:1.13rem;font-size:clamp(0.935rem, 0.935rem + ((1vw - 0.2rem) * 0.792), 1.41rem);font-style:normal;font-weight:500;line-height:1.3;text-transform:uppercase\">Navigating Legal Risks in the Chinese Market<\/h6>\n\n<p style=\"font-size:clamp(0.875rem, 0.875rem + ((1vw - 0.2rem) * 0.042), 0.9rem);\">Would you like to take your China business to the next level but feel intimidated by the complex and opaque Chinese legal landscape?<\/p>\n\n<p style=\"font-size:clamp(0.875rem, 0.875rem + ((1vw - 0.2rem) * 0.042), 0.9rem);\">By understanding the fundamentals and unique aspects of the Chinese legal system\u2014and safeguarding against its vulnerabilities\u2014you can minimize legal risks in your China business and achieve success.<\/p>\n\n<p><\/p>\n\n<p>By understanding the fundamentals and unique aspects of the Chinese legal system\u2014and safeguarding against its vulnerabilities\u2014you can minimize legal risks in your China business and achieve success.<\/p><\/div>\n\n<div class=\"wp-block-column has-global-padding is-layout-constrained wp-container-core-column-is-layout-4 wp-block-column-is-layout-constrained\" style=\"padding-right:2.61rem;padding-left:2.61rem\"><figure class=\"wp-block-image size-full\"><img decoding=\"async\" src=\"https:\/\/cidwinstitute.files.wordpress.com\/2024\/04\/seminar_erfolg.jpeg\" alt=\"\" class=\"wp-image-123\" style=\"object-fit:cover\"\/><\/figure>\n\n<h6 class=\"wp-block-heading has-text-align-left has-text-color has-mulish-font-family\" style=\"color:#ffffff;margin-top:1.01rem;margin-bottom:1.13rem;font-size:clamp(0.935rem, 0.935rem + ((1vw - 0.2rem) * 0.792), 1.41rem);font-style:normal;font-weight:500;line-height:1.3;text-transform:uppercase\">Doing Business Successfully in China \u2013 Intensive Program<\/h6>\n\n<p style=\"font-size:clamp(0.875rem, 0.875rem + ((1vw - 0.2rem) * 0.042), 0.9rem);\">Does the behavior of your Chinese business partners during negotiations sometimes puzzle you? Do you feel that your Chinese partners have a completely different understanding of collaboration?<\/p>\n\n<p style=\"font-size:clamp(0.875rem, 0.875rem + ((1vw - 0.2rem) * 0.042), 0.9rem);\">In our two-day seminar, you will learn where these cultural differences originate, how to navigate them, and how to leverage them for your success.<\/p><\/div><\/div>\n\n<div class=\"wp-block-columns is-layout-flex wp-container-core-columns-is-layout-3 wp-block-columns-is-layout-flex\" style=\"margin-top:0;margin-bottom:0;padding-top:0px\"><div class=\"wp-block-column has-global-padding is-layout-constrained wp-container-core-column-is-layout-5 wp-block-column-is-layout-constrained\" style=\"border-right-color:#ffffff40;border-right-width:1px;padding-right:2.61rem;padding-left:2.61rem\"><figure class=\"wp-block-image size-full\"><img decoding=\"async\" src=\"https:\/\/cidwinstitute.files.wordpress.com\/2024\/04\/seminar_kompakt2.jpg\" alt=\"\" class=\"wp-image-124\" style=\"object-fit:cover\"\/><\/figure>\n\n<h6 class=\"wp-block-heading has-text-align-left has-text-color has-mulish-font-family\" style=\"color:#ffffff;margin-top:1.01rem;margin-bottom:1.13rem;font-size:clamp(0.935rem, 0.935rem + ((1vw - 0.2rem) * 0.792), 1.41rem);font-style:normal;font-weight:500;line-height:1.3;text-transform:uppercase\">Essential China Competence<\/h6>\n\n<p class=\"has-text-align-left has-text-color\" style=\"color:#e2efe9;margin-top:0px;margin-bottom:1.77rem;font-size:clamp(14px, 0.875rem + ((1vw - 3.2px) * 0.104), 15px);font-style:normal;font-weight:400;line-height:1.5\">Are you frequently confronted with contradictory media reports about China and want to get to the truth? Are you weighing the decision to enter the Chinese market? This one-day introductory seminar offers insights from experts and practitioners on how China has risen to become a major global power and what implications this holds for Germany.<\/p><\/div>\n\n<div class=\"wp-block-column has-global-padding is-layout-constrained wp-container-core-column-is-layout-6 wp-block-column-is-layout-constrained\" style=\"border-right-color:#ffffff40;border-right-width:1px;padding-right:2.61rem;padding-left:2.61rem\"><figure class=\"wp-block-image size-full\"><img loading=\"lazy\" decoding=\"async\" width=\"2560\" height=\"1707\" src=\"https:\/\/cidw.de\/wp-content\/uploads\/2024\/04\/AdobeStock_216576334-4-scaled.jpeg\" alt=\"\" class=\"wp-image-263\" style=\"object-fit:cover\" srcset=\"https:\/\/cidw.de\/wp-content\/uploads\/2024\/04\/AdobeStock_216576334-4-scaled.jpeg 2560w, https:\/\/cidw.de\/wp-content\/uploads\/2024\/04\/AdobeStock_216576334-4-300x200.jpeg 300w, https:\/\/cidw.de\/wp-content\/uploads\/2024\/04\/AdobeStock_216576334-4-1024x683.jpeg 1024w, https:\/\/cidw.de\/wp-content\/uploads\/2024\/04\/AdobeStock_216576334-4-768x512.jpeg 768w, https:\/\/cidw.de\/wp-content\/uploads\/2024\/04\/AdobeStock_216576334-4-1536x1024.jpeg 1536w, https:\/\/cidw.de\/wp-content\/uploads\/2024\/04\/AdobeStock_216576334-4-2048x1365.jpeg 2048w\" sizes=\"(max-width: 2560px) 100vw, 2560px\" \/><\/figure>\n\n<h6 class=\"wp-block-heading has-text-align-left has-text-color has-mulish-font-family\" style=\"color:#ffffff;margin-top:1.01rem;margin-bottom:1.13rem;font-size:clamp(0.935rem, 0.935rem + ((1vw - 0.2rem) * 0.792), 1.41rem);font-style:normal;font-weight:500;line-height:1.3;text-transform:uppercase\">In-House China Strategy Workshop<\/h6>\n\n<p class=\"has-text-align-left has-text-color\" style=\"color:#e2efe9;margin-top:0px;margin-bottom:1.77rem;font-size:clamp(14px, 0.875rem + ((1vw - 3.2px) * 0.104), 15px);font-style:normal;font-weight:400;line-height:1.5\">Together with a China Business Coach, you will develop a China strategy tailored to your specific situation and business needs. The content and duration of the workshop are planned according to your goals and questions.<\/p><\/div>\n\n<div class=\"wp-block-column has-global-padding is-layout-constrained wp-container-core-column-is-layout-7 wp-block-column-is-layout-constrained\" style=\"padding-right:2.61rem;padding-left:2.61rem\"><figure class=\"wp-block-image size-full is-resized\"><img loading=\"lazy\" decoding=\"async\" width=\"2560\" height=\"1707\" src=\"https:\/\/cidw.de\/wp-content\/uploads\/2024\/04\/AdobeStock_517750156-edited-1-scaled.jpeg\" alt=\"\" class=\"wp-image-320\" style=\"object-fit:cover;width:300px;height:auto\" srcset=\"https:\/\/cidw.de\/wp-content\/uploads\/2024\/04\/AdobeStock_517750156-edited-1-scaled.jpeg 2560w, https:\/\/cidw.de\/wp-content\/uploads\/2024\/04\/AdobeStock_517750156-edited-1-300x200.jpeg 300w, https:\/\/cidw.de\/wp-content\/uploads\/2024\/04\/AdobeStock_517750156-edited-1-1024x683.jpeg 1024w, https:\/\/cidw.de\/wp-content\/uploads\/2024\/04\/AdobeStock_517750156-edited-1-768x512.jpeg 768w, https:\/\/cidw.de\/wp-content\/uploads\/2024\/04\/AdobeStock_517750156-edited-1-1536x1024.jpeg 1536w, https:\/\/cidw.de\/wp-content\/uploads\/2024\/04\/AdobeStock_517750156-edited-1-2048x1366.jpeg 2048w\" sizes=\"(max-width: 2560px) 100vw, 2560px\" \/><\/figure>\n\n<h6 class=\"wp-block-heading has-text-align-left has-text-color has-mulish-font-family\" style=\"color:#ffffff;margin-top:1.01rem;margin-bottom:1.13rem;font-size:clamp(0.935rem, 0.935rem + ((1vw - 0.2rem) * 0.792), 1.41rem);font-style:normal;font-weight:500;line-height:1.3;text-transform:uppercase\">E-Mobility<\/h6>\n\n<p class=\"has-text-align-left has-text-color\" style=\"color:#e2efe9;margin-top:0px;margin-bottom:1.77rem;font-size:clamp(14px, 0.875rem + ((1vw - 3.2px) * 0.104), 15px);line-height:1.5\">China recognized e-mobility as a strategic opportunity to enter the international automotive market\u2014traditionally dominated by Europe and the USA\u2014and position itself as an industry leader. Discover everything about China\u2019s e-mobility strategy, electric vehicles, charging infrastructure, battery technologies, and sustainability initiatives.<\/p><\/div><\/div>\n\n<div class=\"wp-block-group has-global-padding is-content-justification-center is-layout-constrained wp-container-core-group-is-layout-5 wp-block-group-is-layout-constrained\" style=\"margin-top:0rem;padding-top:0px;padding-bottom:0px\"><div class=\"wp-block-buttons is-content-justification-center is-layout-flex wp-container-core-buttons-is-layout-1 wp-block-buttons-is-layout-flex\" style=\"margin-top:0rem;margin-bottom:0rem\"><div class=\"wp-block-button has-custom-font-size is-style-fill\" style=\"font-size:clamp(0.875rem, 0.875rem + ((1vw - 0.2rem) * 0.042), 0.9rem);font-style:normal;font-weight:400;line-height:1.5\"><a class=\"wp-block-button__link has-text-color has-background has-border-color wp-element-button\" href=\"mailto:info@cidw.de\" style=\"border-color:#fffffd;border-style:solid;border-width:1px;border-radius:0px;color:#ffffff;background-color:#ffffff00;padding-top:0.8rem;padding-right:1.5rem;padding-bottom:0.8rem;padding-left:1.5rem\">More Information<\/a><\/div><\/div><\/div><\/div><\/section><\/div><\/div>","protected":false},"excerpt":{"rendered":"<p>UNSERE SEMINARE PRAXISRELEVANT &#8211; UNTERHALTSAM &#8211; AKTUELL CHINA WIRTSCHAFTS- UND INDUSTRIEPOLITIK Der chinesische Staatskapitalismus zeichnet sich durch drei Dinge aus: langfristige Planung, Dynamik und Profitorientierung. Das Zusammenspiel zwischen den drei Faktoren ist f\u00fcr uns Westler oft schwer zu verstehen, weil es vordergr\u00fcndig nicht zusammenpasst. Dieses Seminar f\u00fchrt Sie in das System der Wirtschafts- und Industrieplanung [&hellip;]<\/p>\n","protected":false},"author":2,"featured_media":0,"parent":0,"menu_order":0,"comment_status":"closed","ping_status":"closed","template":"","meta":{"_eb_attr":"","footnotes":""},"yoast_head":"<!-- This site is optimized with the Yoast SEO plugin v24.5 - https:\/\/yoast.com\/wordpress\/plugins\/seo\/ -->\n<title>Training - China-Institut f\u00fcr die deutsche Wirtschaft (CIDW)<\/title>\n<meta name=\"robots\" content=\"index, follow, max-snippet:-1, max-image-preview:large, max-video-preview:-1\" \/>\n<link rel=\"canonical\" href=\"https:\/\/cidw.de\/en\/training\/\" \/>\n<meta property=\"og:locale\" content=\"en_US\" \/>\n<meta property=\"og:type\" content=\"article\" \/>\n<meta property=\"og:title\" content=\"Training - China-Institut f\u00fcr die deutsche Wirtschaft (CIDW)\" \/>\n<meta property=\"og:description\" content=\"UNSERE SEMINARE PRAXISRELEVANT &#8211; UNTERHALTSAM &#8211; AKTUELL CHINA WIRTSCHAFTS- UND INDUSTRIEPOLITIK Der chinesische Staatskapitalismus zeichnet sich durch drei Dinge aus: langfristige Planung, Dynamik und Profitorientierung. Das Zusammenspiel zwischen den drei Faktoren ist f\u00fcr uns Westler oft schwer zu verstehen, weil es vordergr\u00fcndig nicht zusammenpasst. Dieses Seminar f\u00fchrt Sie in das System der Wirtschafts- und Industrieplanung [&hellip;]\" \/>\n<meta property=\"og:url\" content=\"https:\/\/cidw.de\/en\/training\/\" \/>\n<meta property=\"og:site_name\" content=\"China-Institut f\u00fcr die deutsche Wirtschaft (CIDW)\" \/>\n<meta property=\"article:modified_time\" content=\"2024-04-18T07:39:04+00:00\" \/>\n<meta property=\"og:image\" content=\"https:\/\/cidwinstitute.files.wordpress.com\/2024\/04\/seminar_headerbild-5.jpeg?w=1024\" \/>\n<meta name=\"twitter:card\" content=\"summary_large_image\" \/>\n<meta name=\"twitter:label1\" content=\"Est. reading time\" \/>\n\t<meta name=\"twitter:data1\" content=\"3 minutes\" \/>\n<script type=\"application\/ld+json\" class=\"yoast-schema-graph\">{\"@context\":\"https:\/\/schema.org\",\"@graph\":[{\"@type\":\"WebPage\",\"@id\":\"https:\/\/cidw.de\/training\/\",\"url\":\"https:\/\/cidw.de\/training\/\",\"name\":\"Training - China-Institut f\u00fcr die deutsche Wirtschaft (CIDW)\",\"isPartOf\":{\"@id\":\"https:\/\/cidw.de\/#website\"},\"primaryImageOfPage\":{\"@id\":\"https:\/\/cidw.de\/training\/#primaryimage\"},\"image\":{\"@id\":\"https:\/\/cidw.de\/training\/#primaryimage\"},\"thumbnailUrl\":\"https:\/\/cidwinstitute.files.wordpress.com\/2024\/04\/seminar_headerbild-5.jpeg?w=1024\",\"datePublished\":\"2024-04-11T13:20:42+00:00\",\"dateModified\":\"2024-04-18T07:39:04+00:00\",\"breadcrumb\":{\"@id\":\"https:\/\/cidw.de\/training\/#breadcrumb\"},\"inLanguage\":\"en-US\",\"potentialAction\":[{\"@type\":\"ReadAction\",\"target\":[\"https:\/\/cidw.de\/training\/\"]}]},{\"@type\":\"ImageObject\",\"inLanguage\":\"en-US\",\"@id\":\"https:\/\/cidw.de\/training\/#primaryimage\",\"url\":\"https:\/\/cidwinstitute.files.wordpress.com\/2024\/04\/seminar_headerbild-5.jpeg?w=1024\",\"contentUrl\":\"https:\/\/cidwinstitute.files.wordpress.com\/2024\/04\/seminar_headerbild-5.jpeg?w=1024\"},{\"@type\":\"BreadcrumbList\",\"@id\":\"https:\/\/cidw.de\/training\/#breadcrumb\",\"itemListElement\":[{\"@type\":\"ListItem\",\"position\":1,\"name\":\"Startseite\",\"item\":\"https:\/\/cidw.de\/\"},{\"@type\":\"ListItem\",\"position\":2,\"name\":\"Training\"}]},{\"@type\":\"WebSite\",\"@id\":\"https:\/\/cidw.de\/#website\",\"url\":\"https:\/\/cidw.de\/\",\"name\":\"China-Institut f\u00fcr die deutsche Wirtschaft (CIDW)\",\"description\":\"Wir bieten Strategie- und Risikomanagementberatung f\u00fcr KMUs mit Chinagesch\u00e4ft\",\"publisher\":{\"@id\":\"https:\/\/cidw.de\/#organization\"},\"potentialAction\":[{\"@type\":\"SearchAction\",\"target\":{\"@type\":\"EntryPoint\",\"urlTemplate\":\"https:\/\/cidw.de\/?s={search_term_string}\"},\"query-input\":{\"@type\":\"PropertyValueSpecification\",\"valueRequired\":true,\"valueName\":\"search_term_string\"}}],\"inLanguage\":\"en-US\"},{\"@type\":\"Organization\",\"@id\":\"https:\/\/cidw.de\/#organization\",\"name\":\"China-Institut f\u00fcr die deutsche Wirtschaft (CIDW)\",\"url\":\"https:\/\/cidw.de\/\",\"logo\":{\"@type\":\"ImageObject\",\"inLanguage\":\"en-US\",\"@id\":\"https:\/\/cidw.de\/#\/schema\/logo\/image\/\",\"url\":\"https:\/\/cidw.de\/wp-content\/uploads\/2024\/04\/Logo_CIDW-edited-1.png\",\"contentUrl\":\"https:\/\/cidw.de\/wp-content\/uploads\/2024\/04\/Logo_CIDW-edited-1.png\",\"width\":2481,\"height\":1396,\"caption\":\"China-Institut f\u00fcr die deutsche Wirtschaft (CIDW)\"},\"image\":{\"@id\":\"https:\/\/cidw.de\/#\/schema\/logo\/image\/\"}}]}<\/script>\n<!-- \/ Yoast SEO plugin. -->","yoast_head_json":{"title":"Training - China-Institut f\u00fcr die deutsche Wirtschaft (CIDW)","robots":{"index":"index","follow":"follow","max-snippet":"max-snippet:-1","max-image-preview":"max-image-preview:large","max-video-preview":"max-video-preview:-1"},"canonical":"https:\/\/cidw.de\/en\/training\/","og_locale":"en_US","og_type":"article","og_title":"Training - China-Institut f\u00fcr die deutsche Wirtschaft (CIDW)","og_description":"UNSERE SEMINARE PRAXISRELEVANT &#8211; UNTERHALTSAM &#8211; AKTUELL CHINA WIRTSCHAFTS- UND INDUSTRIEPOLITIK Der chinesische Staatskapitalismus zeichnet sich durch drei Dinge aus: langfristige Planung, Dynamik und Profitorientierung. Das Zusammenspiel zwischen den drei Faktoren ist f\u00fcr uns Westler oft schwer zu verstehen, weil es vordergr\u00fcndig nicht zusammenpasst. Dieses Seminar f\u00fchrt Sie in das System der Wirtschafts- und Industrieplanung [&hellip;]","og_url":"https:\/\/cidw.de\/en\/training\/","og_site_name":"China-Institut f\u00fcr die deutsche Wirtschaft (CIDW)","article_modified_time":"2024-04-18T07:39:04+00:00","og_image":[{"url":"https:\/\/cidwinstitute.files.wordpress.com\/2024\/04\/seminar_headerbild-5.jpeg?w=1024","type":"","width":"","height":""}],"twitter_card":"summary_large_image","twitter_misc":{"Est. reading time":"3 minutes"},"schema":{"@context":"https:\/\/schema.org","@graph":[{"@type":"WebPage","@id":"https:\/\/cidw.de\/training\/","url":"https:\/\/cidw.de\/training\/","name":"Training - China-Institut f\u00fcr die deutsche Wirtschaft (CIDW)","isPartOf":{"@id":"https:\/\/cidw.de\/#website"},"primaryImageOfPage":{"@id":"https:\/\/cidw.de\/training\/#primaryimage"},"image":{"@id":"https:\/\/cidw.de\/training\/#primaryimage"},"thumbnailUrl":"https:\/\/cidwinstitute.files.wordpress.com\/2024\/04\/seminar_headerbild-5.jpeg?w=1024","datePublished":"2024-04-11T13:20:42+00:00","dateModified":"2024-04-18T07:39:04+00:00","breadcrumb":{"@id":"https:\/\/cidw.de\/training\/#breadcrumb"},"inLanguage":"en-US","potentialAction":[{"@type":"ReadAction","target":["https:\/\/cidw.de\/training\/"]}]},{"@type":"ImageObject","inLanguage":"en-US","@id":"https:\/\/cidw.de\/training\/#primaryimage","url":"https:\/\/cidwinstitute.files.wordpress.com\/2024\/04\/seminar_headerbild-5.jpeg?w=1024","contentUrl":"https:\/\/cidwinstitute.files.wordpress.com\/2024\/04\/seminar_headerbild-5.jpeg?w=1024"},{"@type":"BreadcrumbList","@id":"https:\/\/cidw.de\/training\/#breadcrumb","itemListElement":[{"@type":"ListItem","position":1,"name":"Startseite","item":"https:\/\/cidw.de\/"},{"@type":"ListItem","position":2,"name":"Training"}]},{"@type":"WebSite","@id":"https:\/\/cidw.de\/#website","url":"https:\/\/cidw.de\/","name":"China-Institut f\u00fcr die deutsche Wirtschaft (CIDW)","description":"Wir bieten Strategie- und Risikomanagementberatung f\u00fcr KMUs mit Chinagesch\u00e4ft","publisher":{"@id":"https:\/\/cidw.de\/#organization"},"potentialAction":[{"@type":"SearchAction","target":{"@type":"EntryPoint","urlTemplate":"https:\/\/cidw.de\/?s={search_term_string}"},"query-input":{"@type":"PropertyValueSpecification","valueRequired":true,"valueName":"search_term_string"}}],"inLanguage":"en-US"},{"@type":"Organization","@id":"https:\/\/cidw.de\/#organization","name":"China-Institut f\u00fcr die deutsche Wirtschaft (CIDW)","url":"https:\/\/cidw.de\/","logo":{"@type":"ImageObject","inLanguage":"en-US","@id":"https:\/\/cidw.de\/#\/schema\/logo\/image\/","url":"https:\/\/cidw.de\/wp-content\/uploads\/2024\/04\/Logo_CIDW-edited-1.png","contentUrl":"https:\/\/cidw.de\/wp-content\/uploads\/2024\/04\/Logo_CIDW-edited-1.png","width":2481,"height":1396,"caption":"China-Institut f\u00fcr die deutsche Wirtschaft (CIDW)"},"image":{"@id":"https:\/\/cidw.de\/#\/schema\/logo\/image\/"}}]}},"jetpack_sharing_enabled":true,"_links":{"self":[{"href":"https:\/\/cidw.de\/en\/wp-json\/wp\/v2\/pages\/76"}],"collection":[{"href":"https:\/\/cidw.de\/en\/wp-json\/wp\/v2\/pages"}],"about":[{"href":"https:\/\/cidw.de\/en\/wp-json\/wp\/v2\/types\/page"}],"author":[{"embeddable":true,"href":"https:\/\/cidw.de\/en\/wp-json\/wp\/v2\/users\/2"}],"replies":[{"embeddable":true,"href":"https:\/\/cidw.de\/en\/wp-json\/wp\/v2\/comments?post=76"}],"version-history":[{"count":36,"href":"https:\/\/cidw.de\/en\/wp-json\/wp\/v2\/pages\/76\/revisions"}],"predecessor-version":[{"id":681,"href":"https:\/\/cidw.de\/en\/wp-json\/wp\/v2\/pages\/76\/revisions\/681"}],"wp:attachment":[{"href":"https:\/\/cidw.de\/en\/wp-json\/wp\/v2\/media?parent=76"}],"curies":[{"name":"wp","href":"https:\/\/api.w.org\/{rel}","templated":true}]}}