{"id":72,"date":"2024-04-11T13:19:24","date_gmt":"2024-04-11T13:19:24","guid":{"rendered":"https:\/\/cidw.de\/?page_id=72"},"modified":"2024-07-09T08:45:21","modified_gmt":"2024-07-09T08:45:21","slug":"beratung","status":"publish","type":"page","link":"https:\/\/cidw.de\/en\/beratung\/","title":{"rendered":"Consulting"},"content":{"rendered":"<div class=\"wp-block-cover alignfull\"><span aria-hidden=\"true\" class=\"wp-block-cover__background has-background-dim\" style=\"background-color:#686564\"><\/span><img loading=\"lazy\" decoding=\"async\" width=\"2688\" height=\"1792\" class=\"wp-block-cover__image-background wp-image-381\" alt=\"\" src=\"https:\/\/cidw.de\/wp-content\/uploads\/2024\/04\/3-2.png\" data-object-fit=\"cover\" srcset=\"https:\/\/cidw.de\/wp-content\/uploads\/2024\/04\/3-2.png 2688w, https:\/\/cidw.de\/wp-content\/uploads\/2024\/04\/3-2-300x200.png 300w, https:\/\/cidw.de\/wp-content\/uploads\/2024\/04\/3-2-1024x683.png 1024w, https:\/\/cidw.de\/wp-content\/uploads\/2024\/04\/3-2-768x512.png 768w, https:\/\/cidw.de\/wp-content\/uploads\/2024\/04\/3-2-1536x1024.png 1536w, https:\/\/cidw.de\/wp-content\/uploads\/2024\/04\/3-2-2048x1365.png 2048w\" sizes=\"(max-width: 2688px) 100vw, 2688px\" \/><div class=\"wp-block-cover__inner-container is-layout-flow wp-block-cover-is-layout-flow\"><p class=\"has-text-align-center\" style=\"font-size:clamp(31.609px, 1.976rem + ((1vw - 3.2px) * 2.541), 56px);\"><strong>CONSULTING<\/strong><\/p><\/div><\/div><section class=\"wp-block-group alignfull has-text-color has-background has-global-padding is-layout-constrained wp-container-core-group-is-layout-1 wp-block-group-is-layout-constrained\" style=\"color:#3e3e3e;background-color:#f0ede9;margin-top:0px;padding-top:0rem;padding-right:var(--wp--preset--spacing--10);padding-bottom:5rem;padding-left:var(--wp--preset--spacing--10);font-size:clamp(0.875rem, 0.875rem + ((1vw - 0.2rem) * 0.425), 1.13rem);font-style:normal;font-weight:400;line-height:1.7\"><div class=\"wp-block-columns is-layout-flex wp-container-core-columns-is-layout-1 wp-block-columns-is-layout-flex\" style=\"margin-bottom:0px;padding-top:var(--wp--preset--spacing--20);padding-right:0;padding-bottom:var(--wp--preset--spacing--20);padding-left:0\"><div class=\"wp-block-column is-vertically-aligned-center is-layout-flow wp-container-core-column-is-layout-1 wp-block-column-is-layout-flow\" style=\"padding-top:9%;padding-right:0%;padding-bottom:0;padding-left:0;flex-basis:60%\"><p class=\"has-text-align-left has-text-color has-link-color wp-elements-85371eb4f593364abfb9118febfaccc8\" style=\"color:#a8262c;font-size:clamp(0.984rem, 0.984rem + ((1vw - 0.2rem) * 0.86), 1.5rem);\"><strong>PURPOSE-DRIVEN \u2013 STRATEGIC \u2013 SCIENTIFICALLY GROUNDED <\/strong><\/p>\n\n<div style=\"height:8px\" aria-hidden=\"true\" class=\"wp-block-spacer\"><\/div>\n\n<p class=\"has-small-font-size\">Are you facing specific challenges in dealing with China? Is the uncertainty in the Taiwan Strait causing you concern? Are you wondering how new regulations might impact your China business? Or do you need a customized \u201cde-risking\u201d roadmap tailored to your company?<\/p>\n\n<div style=\"height:11px\" aria-hidden=\"true\" class=\"wp-block-spacer\"><\/div>\n\n<p class=\"has-small-font-size\">At CIDW, we offer customized consulting solutions that meet your individual challenges. Our approach blends scientific expertise and methodological precision with hands-on industry knowledge and in-depth insights into the intricate dynamics of China\u2019s economy, politics, and society. <\/p>\n\n<div style=\"height:11px\" aria-hidden=\"true\" class=\"wp-block-spacer\"><\/div>\n\n<p class=\"has-small-font-size\">We work with you to conduct China strategy workshops, prepare customized position and background papers, and provide guidance on corporate communications \u2014 especially in handling critical or sensitive topics.<\/p>\n\n<div style=\"height:11px\" aria-hidden=\"true\" class=\"wp-block-spacer\"><\/div>\n\n<p class=\"has-small-font-size\">Discover how CIDW can support you in realizing your full business potential in China.\nContact us today to arrange a personal consultation!<\/p><\/div>\n\n<div class=\"wp-block-column is-vertically-aligned-center is-layout-flow wp-block-column-is-layout-flow\" style=\"padding-top:7%;padding-right:8%;padding-bottom:0;padding-left:0;flex-basis:60%\"><figure class=\"wp-block-image alignright size-large\"><img loading=\"lazy\" decoding=\"async\" width=\"1024\" height=\"1024\" src=\"https:\/\/cidw.de\/wp-content\/uploads\/2024\/04\/AdobeStock_271171292-edited-1024x1024.jpeg\" alt=\"\" class=\"wp-image-17\" srcset=\"https:\/\/cidw.de\/wp-content\/uploads\/2024\/04\/AdobeStock_271171292-edited-1024x1024.jpeg 1024w, https:\/\/cidw.de\/wp-content\/uploads\/2024\/04\/AdobeStock_271171292-edited-300x300.jpeg 300w, https:\/\/cidw.de\/wp-content\/uploads\/2024\/04\/AdobeStock_271171292-edited-150x150.jpeg 150w, https:\/\/cidw.de\/wp-content\/uploads\/2024\/04\/AdobeStock_271171292-edited-768x768.jpeg 768w, https:\/\/cidw.de\/wp-content\/uploads\/2024\/04\/AdobeStock_271171292-edited-1536x1536.jpeg 1536w, https:\/\/cidw.de\/wp-content\/uploads\/2024\/04\/AdobeStock_271171292-edited-2048x2048.jpeg 2048w\" sizes=\"(max-width: 1024px) 100vw, 1024px\" \/><\/figure><\/div><\/div><\/section><div class=\"wp-block-cover alignfull\" style=\"margin-top:0;margin-bottom:0;min-height:874px;aspect-ratio:unset;\"><span aria-hidden=\"true\" class=\"wp-block-cover__background has-background-dim-100 has-background-dim\" style=\"background-color:#a8262c\"><\/span><div class=\"wp-block-cover__inner-container has-global-padding is-layout-constrained wp-block-cover-is-layout-constrained\"><div class=\"wp-block-columns alignwide are-vertically-aligned-top has-background is-layout-flex wp-container-core-columns-is-layout-2 wp-block-columns-is-layout-flex\" style=\"background-color:#a8262c\"><div class=\"wp-block-column is-vertically-aligned-top has-global-padding is-layout-constrained wp-container-core-column-is-layout-3 wp-block-column-is-layout-constrained\" style=\"border-right-color:#ffffff40;border-right-width:1px;padding-right:2.61rem;padding-left:2.61rem\"><figure class=\"wp-block-image size-full\"><img loading=\"lazy\" decoding=\"async\" width=\"954\" height=\"636\" src=\"https:\/\/cidw.de\/wp-content\/uploads\/2024\/04\/Home_Header-edited-1.jpg\" alt=\"\" class=\"wp-image-454\" srcset=\"https:\/\/cidw.de\/wp-content\/uploads\/2024\/04\/Home_Header-edited-1.jpg 954w, https:\/\/cidw.de\/wp-content\/uploads\/2024\/04\/Home_Header-edited-1-300x200.jpg 300w, https:\/\/cidw.de\/wp-content\/uploads\/2024\/04\/Home_Header-edited-1-768x512.jpg 768w\" sizes=\"(max-width: 954px) 100vw, 954px\" \/><\/figure>\n\n<h6 class=\"wp-block-heading has-text-align-left has-text-color\" style=\"color:#ffffff;margin-top:1.01rem;margin-bottom:1.13rem;font-size:clamp(0.935rem, 0.935rem + ((1vw - 0.2rem) * 0.792), 1.41rem);font-style:normal;font-weight:500;line-height:1.3;text-transform:capitalize\">CHINA STRATEGY<\/h6>\n\n<p class=\"has-small-font-size\">Build a Resilient China Strategy Together with Us<\/p>\n\n<p class=\"has-small-font-size\">Is entering the Chinese market still a smart move? Does your China strategy need an update? What new legal regulations should you prepare for? How can you effectively manage sensitive issues? We work closely with you to tackle your key China-related questions \u2014 and deliver concrete, actionable guidance to support your decisions.<\/p>\n\n<div style=\"height:24px\" aria-hidden=\"true\" class=\"wp-block-spacer\"><\/div>\n\n<div style=\"height:203px\" aria-hidden=\"true\" class=\"wp-block-spacer\"><\/div><\/div>\n\n<div class=\"wp-block-column is-vertically-aligned-top has-global-padding is-layout-constrained wp-container-core-column-is-layout-4 wp-block-column-is-layout-constrained\" style=\"border-right-color:#ffffff40;border-right-width:1px;padding-right:2.61rem;padding-left:2.61rem\"><figure class=\"wp-block-image size-full\"><img loading=\"lazy\" decoding=\"async\" width=\"831\" height=\"540\" src=\"https:\/\/cidw.de\/wp-content\/uploads\/2024\/04\/\u5fae\u4fe1\u56fe\u7247_20240416152049-1.png\" alt=\"\" class=\"wp-image-456\" srcset=\"https:\/\/cidw.de\/wp-content\/uploads\/2024\/04\/\u5fae\u4fe1\u56fe\u7247_20240416152049-1.png 831w, https:\/\/cidw.de\/wp-content\/uploads\/2024\/04\/\u5fae\u4fe1\u56fe\u7247_20240416152049-1-300x195.png 300w, https:\/\/cidw.de\/wp-content\/uploads\/2024\/04\/\u5fae\u4fe1\u56fe\u7247_20240416152049-1-768x499.png 768w\" sizes=\"(max-width: 831px) 100vw, 831px\" \/><\/figure>\n\n<h6 class=\"wp-block-heading has-text-align-left has-text-color\" style=\"color:#ffffff;margin-top:1.01rem;margin-bottom:1.13rem;font-size:clamp(0.935rem, 0.935rem + ((1vw - 0.2rem) * 0.792), 1.41rem);font-style:normal;font-weight:500;line-height:1.3;text-transform:capitalize\">RISK MONITOR<\/h6>\n\n<p class=\"has-small-font-size\">Understand the risks \u2014 and seize the opportunities \u2014 in your China business!<\/p>\n\n<p class=\"has-small-font-size\">Whether it's China's domestic or foreign policy developments, international trade conflicts, changes in the Chinese market, or new regulations \u2014 the Chinese market remains attractive yet challenging for German companies. We help you better assess the opportunities and risks for your business and align your China strategy accordingly.<\/p>\n\n<p class=\"has-base-2-color has-text-color has-link-color has-small-font-size wp-elements-a13c1ba31f6d8b3cc121a6240006fcab\">More information about the <a href=\"https:\/\/cidw.de\/wp-content\/uploads\/2024\/04\/CIDW_Risk_Monitor_Consulting_2024_DE.pdf\">Risikomonitor<\/a>.<\/p>\n\n<div class=\"wp-block-buttons is-layout-flex wp-block-buttons-is-layout-flex\"><div class=\"wp-block-button has-custom-width wp-block-button__width-100 is-style-fill\"><a class=\"wp-block-button__link has-accent-3-color has-text-color has-background has-link-color has-text-align-left wp-element-button\" style=\"border-style:none;border-width:0px;border-radius:18px;background-color:#f1ebeb\"><strong>Hinweis: <\/strong>Become a Test Client for Our Risk Monitor Consulting and Take Advantage of Our Introductory Offer\nContact us directly at +49 8158 925 944-0 or via email at consulting@cidw.de to schedule a free initial consultation.<\/a><\/div><\/div>\n\n<div style=\"height:15px\" aria-hidden=\"true\" class=\"wp-block-spacer\"><\/div><\/div>\n\n<div class=\"wp-block-column is-vertically-aligned-top has-global-padding is-layout-constrained wp-container-core-column-is-layout-5 wp-block-column-is-layout-constrained\" style=\"padding-right:2.61rem;padding-left:2.61rem\"><figure class=\"wp-block-image size-large is-resized\"><img loading=\"lazy\" decoding=\"async\" width=\"1024\" height=\"681\" src=\"https:\/\/cidw.de\/wp-content\/uploads\/2024\/04\/AdobeStock_127541998-1-1024x681.jpeg\" alt=\"\" class=\"wp-image-457\" style=\"width:295px;height:auto\" srcset=\"https:\/\/cidw.de\/wp-content\/uploads\/2024\/04\/AdobeStock_127541998-1-1024x681.jpeg 1024w, https:\/\/cidw.de\/wp-content\/uploads\/2024\/04\/AdobeStock_127541998-1-300x199.jpeg 300w, https:\/\/cidw.de\/wp-content\/uploads\/2024\/04\/AdobeStock_127541998-1-768x511.jpeg 768w, https:\/\/cidw.de\/wp-content\/uploads\/2024\/04\/AdobeStock_127541998-1-1536x1021.jpeg 1536w, https:\/\/cidw.de\/wp-content\/uploads\/2024\/04\/AdobeStock_127541998-1-2048x1362.jpeg 2048w\" sizes=\"(max-width: 1024px) 100vw, 1024px\" \/><\/figure>\n\n<h6 class=\"wp-block-heading has-text-align-left has-text-color\" style=\"color:#ffffff;margin-top:1.01rem;margin-bottom:1.13rem;font-size:clamp(0.935rem, 0.935rem + ((1vw - 0.2rem) * 0.792), 1.41rem);font-style:normal;font-weight:500;line-height:1.3\">POSITION AND BACKGROUND PAPERS<\/h6>\n\n<p class=\"has-small-font-size\">Grasp complex contexts at a glance!<\/p>\n\n<p class=\"has-small-font-size\">China\u2019s turbulent history of decline and resurgence \u2014 along with a fundamentally different understanding of politics and society \u2014 often makes it difficult for us to interpret events in China or statements made by Chinese counterparts. Our position and background papers help you put these developments into context and show the direct implications for your business.<\/p>\n\n<div style=\"height:21px\" aria-hidden=\"true\" class=\"wp-block-spacer\"><\/div><\/div><\/div>\n\n<div class=\"wp-block-buttons is-content-justification-center is-layout-flex wp-container-core-buttons-is-layout-2 wp-block-buttons-is-layout-flex\" style=\"margin-top:0rem;margin-bottom:0rem\"><div class=\"wp-block-button has-custom-width wp-block-button__width-50 has-custom-font-size is-style-fill has-small-font-size\" style=\"font-style:normal;font-weight:400;line-height:1.5\"><a class=\"wp-block-button__link has-base-2-color has-text-color has-background has-border-color wp-element-button\" href=\"mailto:consulting@cidw.de\" style=\"border-color:#fffffd;border-style:solid;border-width:1px;border-radius:0px;background-color:#ffffff00;padding-top:0.8rem;padding-right:1.8rem;padding-bottom:0.8rem;padding-left:1.8rem\"><strong>Contact Us<\/strong><\/a><\/div><\/div><\/div><\/div>","protected":false},"excerpt":{"rendered":"<p>ZIELORIENTIERT \u2013 STRATEGISCH \u2013WISSENSCHAFTLICH FUNDIERT Sind Sie mit ganz speziellen Herausforderungen im Umgang mit China konfrontiert? Bereitet Ihnen die unsichere Lage in der Taiwanstra\u00dfe Kopfzerbrechen? Fragen Sie sich, welche Auswirkungen die Regulierungsvorschriften auf Ihr Chinagesch\u00e4ft haben? Oder ben\u00f6tigen Sie einen individuellen \u201eDerisking\u201c-Fahrplan f\u00fcr Ihr Unternehmen? Das CIDW steht Ihnen mit ma\u00dfgeschneiderten Beratungsleistungen f\u00fcr Ihre speziellen [&hellip;]<\/p>\n","protected":false},"author":2,"featured_media":0,"parent":0,"menu_order":0,"comment_status":"closed","ping_status":"closed","template":"","meta":{"_eb_attr":"","footnotes":""},"yoast_head":"<!-- This site is optimized with the Yoast SEO plugin v24.5 - https:\/\/yoast.com\/wordpress\/plugins\/seo\/ -->\n<title>Beratung - China-Institut f\u00fcr die deutsche Wirtschaft (CIDW)<\/title>\n<meta name=\"robots\" content=\"index, follow, max-snippet:-1, max-image-preview:large, max-video-preview:-1\" \/>\n<link rel=\"canonical\" href=\"https:\/\/cidw.de\/en\/beratung\/\" \/>\n<meta property=\"og:locale\" content=\"en_US\" \/>\n<meta property=\"og:type\" content=\"article\" \/>\n<meta property=\"og:title\" content=\"Beratung - China-Institut f\u00fcr die deutsche Wirtschaft (CIDW)\" \/>\n<meta property=\"og:description\" content=\"ZIELORIENTIERT \u2013 STRATEGISCH \u2013WISSENSCHAFTLICH FUNDIERT Sind Sie mit ganz speziellen Herausforderungen im Umgang mit China konfrontiert? Bereitet Ihnen die unsichere Lage in der Taiwanstra\u00dfe Kopfzerbrechen? Fragen Sie sich, welche Auswirkungen die Regulierungsvorschriften auf Ihr Chinagesch\u00e4ft haben? Oder ben\u00f6tigen Sie einen individuellen \u201eDerisking\u201c-Fahrplan f\u00fcr Ihr Unternehmen? Das CIDW steht Ihnen mit ma\u00dfgeschneiderten Beratungsleistungen f\u00fcr Ihre speziellen [&hellip;]\" \/>\n<meta property=\"og:url\" content=\"https:\/\/cidw.de\/en\/beratung\/\" \/>\n<meta property=\"og:site_name\" content=\"China-Institut f\u00fcr die deutsche Wirtschaft (CIDW)\" \/>\n<meta property=\"article:modified_time\" content=\"2024-07-09T08:45:21+00:00\" \/>\n<meta property=\"og:image\" content=\"https:\/\/cidw.de\/wp-content\/uploads\/2024\/04\/3-2.png\" \/>\n<meta name=\"twitter:card\" content=\"summary_large_image\" \/>\n<meta name=\"twitter:label1\" content=\"Est. reading time\" \/>\n\t<meta name=\"twitter:data1\" content=\"3 minutes\" \/>\n<script type=\"application\/ld+json\" class=\"yoast-schema-graph\">{\"@context\":\"https:\/\/schema.org\",\"@graph\":[{\"@type\":\"WebPage\",\"@id\":\"https:\/\/cidw.de\/beratung\/\",\"url\":\"https:\/\/cidw.de\/beratung\/\",\"name\":\"Beratung - China-Institut f\u00fcr die deutsche Wirtschaft (CIDW)\",\"isPartOf\":{\"@id\":\"https:\/\/cidw.de\/#website\"},\"primaryImageOfPage\":{\"@id\":\"https:\/\/cidw.de\/beratung\/#primaryimage\"},\"image\":{\"@id\":\"https:\/\/cidw.de\/beratung\/#primaryimage\"},\"thumbnailUrl\":\"https:\/\/cidw.de\/wp-content\/uploads\/2024\/04\/3-2.png\",\"datePublished\":\"2024-04-11T13:19:24+00:00\",\"dateModified\":\"2024-07-09T08:45:21+00:00\",\"breadcrumb\":{\"@id\":\"https:\/\/cidw.de\/beratung\/#breadcrumb\"},\"inLanguage\":\"en-US\",\"potentialAction\":[{\"@type\":\"ReadAction\",\"target\":[\"https:\/\/cidw.de\/beratung\/\"]}]},{\"@type\":\"ImageObject\",\"inLanguage\":\"en-US\",\"@id\":\"https:\/\/cidw.de\/beratung\/#primaryimage\",\"url\":\"https:\/\/cidw.de\/wp-content\/uploads\/2024\/04\/3-2.png\",\"contentUrl\":\"https:\/\/cidw.de\/wp-content\/uploads\/2024\/04\/3-2.png\"},{\"@type\":\"BreadcrumbList\",\"@id\":\"https:\/\/cidw.de\/beratung\/#breadcrumb\",\"itemListElement\":[{\"@type\":\"ListItem\",\"position\":1,\"name\":\"Startseite\",\"item\":\"https:\/\/cidw.de\/\"},{\"@type\":\"ListItem\",\"position\":2,\"name\":\"Beratung\"}]},{\"@type\":\"WebSite\",\"@id\":\"https:\/\/cidw.de\/#website\",\"url\":\"https:\/\/cidw.de\/\",\"name\":\"China-Institut f\u00fcr die deutsche Wirtschaft (CIDW)\",\"description\":\"Wir bieten Strategie- und Risikomanagementberatung f\u00fcr KMUs mit Chinagesch\u00e4ft\",\"publisher\":{\"@id\":\"https:\/\/cidw.de\/#organization\"},\"potentialAction\":[{\"@type\":\"SearchAction\",\"target\":{\"@type\":\"EntryPoint\",\"urlTemplate\":\"https:\/\/cidw.de\/?s={search_term_string}\"},\"query-input\":{\"@type\":\"PropertyValueSpecification\",\"valueRequired\":true,\"valueName\":\"search_term_string\"}}],\"inLanguage\":\"en-US\"},{\"@type\":\"Organization\",\"@id\":\"https:\/\/cidw.de\/#organization\",\"name\":\"China-Institut f\u00fcr die deutsche Wirtschaft (CIDW)\",\"url\":\"https:\/\/cidw.de\/\",\"logo\":{\"@type\":\"ImageObject\",\"inLanguage\":\"en-US\",\"@id\":\"https:\/\/cidw.de\/#\/schema\/logo\/image\/\",\"url\":\"https:\/\/cidw.de\/wp-content\/uploads\/2024\/04\/Logo_CIDW-edited-1.png\",\"contentUrl\":\"https:\/\/cidw.de\/wp-content\/uploads\/2024\/04\/Logo_CIDW-edited-1.png\",\"width\":2481,\"height\":1396,\"caption\":\"China-Institut f\u00fcr die deutsche Wirtschaft (CIDW)\"},\"image\":{\"@id\":\"https:\/\/cidw.de\/#\/schema\/logo\/image\/\"}}]}<\/script>\n<!-- \/ Yoast SEO plugin. -->","yoast_head_json":{"title":"Beratung - China-Institut f\u00fcr die deutsche Wirtschaft (CIDW)","robots":{"index":"index","follow":"follow","max-snippet":"max-snippet:-1","max-image-preview":"max-image-preview:large","max-video-preview":"max-video-preview:-1"},"canonical":"https:\/\/cidw.de\/en\/beratung\/","og_locale":"en_US","og_type":"article","og_title":"Beratung - China-Institut f\u00fcr die deutsche Wirtschaft (CIDW)","og_description":"ZIELORIENTIERT \u2013 STRATEGISCH \u2013WISSENSCHAFTLICH FUNDIERT Sind Sie mit ganz speziellen Herausforderungen im Umgang mit China konfrontiert? Bereitet Ihnen die unsichere Lage in der Taiwanstra\u00dfe Kopfzerbrechen? Fragen Sie sich, welche Auswirkungen die Regulierungsvorschriften auf Ihr Chinagesch\u00e4ft haben? Oder ben\u00f6tigen Sie einen individuellen \u201eDerisking\u201c-Fahrplan f\u00fcr Ihr Unternehmen? Das CIDW steht Ihnen mit ma\u00dfgeschneiderten Beratungsleistungen f\u00fcr Ihre speziellen [&hellip;]","og_url":"https:\/\/cidw.de\/en\/beratung\/","og_site_name":"China-Institut f\u00fcr die deutsche Wirtschaft (CIDW)","article_modified_time":"2024-07-09T08:45:21+00:00","og_image":[{"url":"https:\/\/cidw.de\/wp-content\/uploads\/2024\/04\/3-2.png","type":"","width":"","height":""}],"twitter_card":"summary_large_image","twitter_misc":{"Est. reading time":"3 minutes"},"schema":{"@context":"https:\/\/schema.org","@graph":[{"@type":"WebPage","@id":"https:\/\/cidw.de\/beratung\/","url":"https:\/\/cidw.de\/beratung\/","name":"Beratung - China-Institut f\u00fcr die deutsche Wirtschaft (CIDW)","isPartOf":{"@id":"https:\/\/cidw.de\/#website"},"primaryImageOfPage":{"@id":"https:\/\/cidw.de\/beratung\/#primaryimage"},"image":{"@id":"https:\/\/cidw.de\/beratung\/#primaryimage"},"thumbnailUrl":"https:\/\/cidw.de\/wp-content\/uploads\/2024\/04\/3-2.png","datePublished":"2024-04-11T13:19:24+00:00","dateModified":"2024-07-09T08:45:21+00:00","breadcrumb":{"@id":"https:\/\/cidw.de\/beratung\/#breadcrumb"},"inLanguage":"en-US","potentialAction":[{"@type":"ReadAction","target":["https:\/\/cidw.de\/beratung\/"]}]},{"@type":"ImageObject","inLanguage":"en-US","@id":"https:\/\/cidw.de\/beratung\/#primaryimage","url":"https:\/\/cidw.de\/wp-content\/uploads\/2024\/04\/3-2.png","contentUrl":"https:\/\/cidw.de\/wp-content\/uploads\/2024\/04\/3-2.png"},{"@type":"BreadcrumbList","@id":"https:\/\/cidw.de\/beratung\/#breadcrumb","itemListElement":[{"@type":"ListItem","position":1,"name":"Startseite","item":"https:\/\/cidw.de\/"},{"@type":"ListItem","position":2,"name":"Beratung"}]},{"@type":"WebSite","@id":"https:\/\/cidw.de\/#website","url":"https:\/\/cidw.de\/","name":"China-Institut f\u00fcr die deutsche Wirtschaft (CIDW)","description":"Wir bieten Strategie- und Risikomanagementberatung f\u00fcr KMUs mit Chinagesch\u00e4ft","publisher":{"@id":"https:\/\/cidw.de\/#organization"},"potentialAction":[{"@type":"SearchAction","target":{"@type":"EntryPoint","urlTemplate":"https:\/\/cidw.de\/?s={search_term_string}"},"query-input":{"@type":"PropertyValueSpecification","valueRequired":true,"valueName":"search_term_string"}}],"inLanguage":"en-US"},{"@type":"Organization","@id":"https:\/\/cidw.de\/#organization","name":"China-Institut f\u00fcr die deutsche Wirtschaft (CIDW)","url":"https:\/\/cidw.de\/","logo":{"@type":"ImageObject","inLanguage":"en-US","@id":"https:\/\/cidw.de\/#\/schema\/logo\/image\/","url":"https:\/\/cidw.de\/wp-content\/uploads\/2024\/04\/Logo_CIDW-edited-1.png","contentUrl":"https:\/\/cidw.de\/wp-content\/uploads\/2024\/04\/Logo_CIDW-edited-1.png","width":2481,"height":1396,"caption":"China-Institut f\u00fcr die deutsche Wirtschaft (CIDW)"},"image":{"@id":"https:\/\/cidw.de\/#\/schema\/logo\/image\/"}}]}},"jetpack_sharing_enabled":true,"_links":{"self":[{"href":"https:\/\/cidw.de\/en\/wp-json\/wp\/v2\/pages\/72"}],"collection":[{"href":"https:\/\/cidw.de\/en\/wp-json\/wp\/v2\/pages"}],"about":[{"href":"https:\/\/cidw.de\/en\/wp-json\/wp\/v2\/types\/page"}],"author":[{"embeddable":true,"href":"https:\/\/cidw.de\/en\/wp-json\/wp\/v2\/users\/2"}],"replies":[{"embeddable":true,"href":"https:\/\/cidw.de\/en\/wp-json\/wp\/v2\/comments?post=72"}],"version-history":[{"count":80,"href":"https:\/\/cidw.de\/en\/wp-json\/wp\/v2\/pages\/72\/revisions"}],"predecessor-version":[{"id":861,"href":"https:\/\/cidw.de\/en\/wp-json\/wp\/v2\/pages\/72\/revisions\/861"}],"wp:attachment":[{"href":"https:\/\/cidw.de\/en\/wp-json\/wp\/v2\/media?parent=72"}],"curies":[{"name":"wp","href":"https:\/\/api.w.org\/{rel}","templated":true}]}}