{"id":403,"date":"2024-04-16T09:13:42","date_gmt":"2024-04-16T09:13:42","guid":{"rendered":"https:\/\/cidw.de\/?page_id=403"},"modified":"2024-04-26T11:22:46","modified_gmt":"2024-04-26T11:22:46","slug":"unser-team","status":"publish","type":"page","link":"https:\/\/cidw.de\/en\/unser-team\/","title":{"rendered":"Unser Team"},"content":{"rendered":"<div class=\"wp-block-cover alignfull is-light has-contrast-2-color has-text-color has-link-color wp-elements-9f4a3e55e970ccdde94ee49d9b80bd05\" style=\"min-height:460px;aspect-ratio:unset;\"><span aria-hidden=\"true\" class=\"wp-block-cover__background has-accent-background-color has-background-dim\"><\/span><img loading=\"lazy\" decoding=\"async\" width=\"2560\" height=\"1707\" class=\"wp-block-cover__image-background wp-image-405\" alt=\"\" src=\"https:\/\/cidw.de\/wp-content\/uploads\/2024\/04\/4-scaled.jpg\" data-object-fit=\"cover\" srcset=\"https:\/\/cidw.de\/wp-content\/uploads\/2024\/04\/4-scaled.jpg 2560w, https:\/\/cidw.de\/wp-content\/uploads\/2024\/04\/4-300x200.jpg 300w, https:\/\/cidw.de\/wp-content\/uploads\/2024\/04\/4-1024x683.jpg 1024w, https:\/\/cidw.de\/wp-content\/uploads\/2024\/04\/4-768x512.jpg 768w, https:\/\/cidw.de\/wp-content\/uploads\/2024\/04\/4-1536x1024.jpg 1536w, https:\/\/cidw.de\/wp-content\/uploads\/2024\/04\/4-2048x1365.jpg 2048w\" sizes=\"(max-width: 2560px) 100vw, 2560px\" \/><div class=\"wp-block-cover__inner-container has-global-padding is-layout-constrained wp-block-cover-is-layout-constrained\"><p class=\"has-text-align-center has-text-color has-link-color has-xx-large-font-size wp-elements-9879f6331e0b2048cb486075f5523018\" style=\"color:#a8262c\"><strong>TEAM<\/strong><\/p><\/div><\/div><div class=\"wp-block-group alignfull has-background has-global-padding is-layout-constrained wp-container-core-group-is-layout-1 wp-block-group-is-layout-constrained\" style=\"background-color:#f0ede9;margin-top:0;margin-bottom:0;padding-top:0;padding-right:var(--wp--preset--spacing--40);padding-bottom:0;padding-left:var(--wp--preset--spacing--40)\"><div class=\"wp-block-columns is-layout-flex wp-container-core-columns-is-layout-1 wp-block-columns-is-layout-flex\" style=\"margin-top:0;margin-bottom:0;padding-top:0;padding-right:var(--wp--preset--spacing--30);padding-bottom:0;padding-left:var(--wp--preset--spacing--30)\"><div class=\"wp-block-column is-layout-flow wp-block-column-is-layout-flow\" style=\"padding-top:0;padding-right:0;padding-bottom:0;padding-left:0;flex-basis:2000%\"><div style=\"height:48px\" aria-hidden=\"true\" class=\"wp-block-spacer\"><\/div>\n\n<figure class=\"wp-block-image aligncenter size-full is-resized is-style-rounded wp-duotone-unset-1\"><img loading=\"lazy\" decoding=\"async\" width=\"1134\" height=\"1134\" src=\"https:\/\/cidw.de\/wp-content\/uploads\/2024\/04\/21-Haes-5293-edited.jpg\" alt=\"\" class=\"wp-image-488\" style=\"width:209px;height:auto\" srcset=\"https:\/\/cidw.de\/wp-content\/uploads\/2024\/04\/21-Haes-5293-edited.jpg 1134w, https:\/\/cidw.de\/wp-content\/uploads\/2024\/04\/21-Haes-5293-edited-300x300.jpg 300w, https:\/\/cidw.de\/wp-content\/uploads\/2024\/04\/21-Haes-5293-edited-1024x1024.jpg 1024w, https:\/\/cidw.de\/wp-content\/uploads\/2024\/04\/21-Haes-5293-edited-150x150.jpg 150w, https:\/\/cidw.de\/wp-content\/uploads\/2024\/04\/21-Haes-5293-edited-768x768.jpg 768w, https:\/\/cidw.de\/wp-content\/uploads\/2024\/04\/21-Haes-5293-edited-75x75.jpg 75w\" sizes=\"(max-width: 1134px) 100vw, 1134px\" \/><\/figure>\n\n<p class=\"has-text-align-center has-contrast-color has-text-color has-link-color wp-elements-66680dbdd2878b1ce09fdfc4f192b96e\"><strong>Dr. Julia Haes<\/strong> <strong>\u4f1a\u745c\u4e3d<\/strong><br>haes<a href=\"mailto:msettelen@chinamacro.ch\">[<\/a>at]cidw.de<\/p>\n\n<p class=\"has-text-align-left has-contrast-color has-text-color has-link-color wp-elements-d451038e4ea02e83e6aead7489676bb7\">Dr. Julia Haes besch\u00e4ftigt sich seit zehn Jahren intensiv mit der chinesischen Wirtschaft und Geschichte. Sie kommt aus einem Familienunternehmen, hat in M\u00fcnchen und San Bernadino (USA) Betriebswirtschaft studiert und wurde an der Universit\u00e4t St. Gallen zu Hochschulmarken promoviert. Sie betreute an der Freien Universit\u00e4t die Hochschulkooperationen mit chinesischen Universit\u00e4ten und gr\u00fcndete anschlie\u00dfend ihr erstes eigenes Unternehmen, das Weiterbildung f\u00fcr Chinesen anbot. 2021 hat sie das China-Institut f\u00fcr die deutsche Wirtschaft (CIDW) gegr\u00fcndet. Sie unterrichtet an der Munich Business School verschiedene Kurse zu \u201eBusiness in China\u201c.<\/p>\n\n<hr class=\"wp-block-separator has-css-opacity alignfull is-style-default\"\/>\n\n<ul class=\"wp-block-social-links has-icon-color has-icon-background-color items-justified-center is-style-default is-content-justification-center is-layout-flex wp-container-core-social-links-is-layout-1 wp-block-social-links-is-layout-flex\"><li style=\"color: #ffffff; background-color: #000000; \" class=\"wp-social-link wp-social-link-linkedin has-white-color has-black-background-color wp-block-social-link\"><a href=\"https:\/\/www.linkedin.com\/in\/julia-haes\/\" class=\"wp-block-social-link-anchor\"><svg width=\"24\" height=\"24\" viewBox=\"0 0 24 24\" version=\"1.1\" xmlns=\"http:\/\/www.w3.org\/2000\/svg\" aria-hidden=\"true\" focusable=\"false\"><path d=\"M19.7,3H4.3C3.582,3,3,3.582,3,4.3v15.4C3,20.418,3.582,21,4.3,21h15.4c0.718,0,1.3-0.582,1.3-1.3V4.3 C21,3.582,20.418,3,19.7,3z M8.339,18.338H5.667v-8.59h2.672V18.338z M7.004,8.574c-0.857,0-1.549-0.694-1.549-1.548 c0-0.855,0.691-1.548,1.549-1.548c0.854,0,1.547,0.694,1.547,1.548C8.551,7.881,7.858,8.574,7.004,8.574z M18.339,18.338h-2.669 v-4.177c0-0.996-0.017-2.278-1.387-2.278c-1.389,0-1.601,1.086-1.601,2.206v4.249h-2.667v-8.59h2.559v1.174h0.037 c0.356-0.675,1.227-1.387,2.526-1.387c2.703,0,3.203,1.779,3.203,4.092V18.338z\"><\/path><\/svg><span class=\"wp-block-social-link-label screen-reader-text\">LinkedIn<\/span><\/a><\/li><\/ul>\n\n<div style=\"height:25px\" aria-hidden=\"true\" class=\"wp-block-spacer\"><\/div><\/div>\n\n<div class=\"wp-block-column is-layout-flow wp-block-column-is-layout-flow\" style=\"flex-basis:2000%\"><div style=\"height:48px\" aria-hidden=\"true\" class=\"wp-block-spacer\"><\/div>\n\n<figure class=\"wp-block-image aligncenter size-full is-resized is-style-rounded wp-duotone-unset-2\"><img loading=\"lazy\" decoding=\"async\" width=\"1280\" height=\"1280\" src=\"https:\/\/cidw.de\/wp-content\/uploads\/2024\/04\/Chi-Zhang_Profile-Pic-Normal-edited.jpg\" alt=\"\" class=\"wp-image-136\" style=\"width:209px;height:auto\" srcset=\"https:\/\/cidw.de\/wp-content\/uploads\/2024\/04\/Chi-Zhang_Profile-Pic-Normal-edited.jpg 1280w, https:\/\/cidw.de\/wp-content\/uploads\/2024\/04\/Chi-Zhang_Profile-Pic-Normal-edited-300x300.jpg 300w, https:\/\/cidw.de\/wp-content\/uploads\/2024\/04\/Chi-Zhang_Profile-Pic-Normal-edited-1024x1024.jpg 1024w, https:\/\/cidw.de\/wp-content\/uploads\/2024\/04\/Chi-Zhang_Profile-Pic-Normal-edited-150x150.jpg 150w, https:\/\/cidw.de\/wp-content\/uploads\/2024\/04\/Chi-Zhang_Profile-Pic-Normal-edited-768x768.jpg 768w\" sizes=\"(max-width: 1280px) 100vw, 1280px\" \/><\/figure>\n\n<p class=\"has-text-align-center has-contrast-color has-text-color has-link-color wp-elements-477cdaebff5e0500957f5eba2d844df1\"><strong>Chi Zhang \u5f20\u6c60<br><\/strong>zhang<a href=\"mailto:msettelen@chinamacro.ch\">[<\/a>at]cidw.de<\/p>\n\n<p class=\"has-contrast-color has-text-color has-link-color wp-elements-a3dd53b5b780df6496ede43db8bcdf08\">Chi Zhang hat in England Medien und Kommunikation studiert. Sie bringt \u00fcber 10 Jahre Erfahrung in der sino-europ\u00e4ischen Unternehmensberatung mit. In dieser Zeit hat sie erfolgreich branchen\u00fcbergreifende Projekte in den Bereichen Sport, Tourismus, Internationale Bildung, Technologie und Automobilwesen geleitet. Zudem verantwortete sie PR- und Marketingaktivit\u00e4ten f\u00fcr europ\u00e4ische kleine und mittlere Unternehmen Unternehmen in China. Chi ist zertifiziert im Change Management. Sie ist seit 2024 dem CIDW-Team beigetreten. <\/p>\n\n<hr class=\"wp-block-separator has-css-opacity alignfull is-style-default\"\/>\n\n<ul class=\"wp-block-social-links has-icon-color has-icon-background-color items-justified-center is-content-justification-center is-layout-flex wp-container-core-social-links-is-layout-2 wp-block-social-links-is-layout-flex\"><li style=\"color: #ffffff; background-color: #000000; \" class=\"wp-social-link wp-social-link-linkedin  wp-block-social-link\"><a href=\"https:\/\/www.linkedin.com\/in\/chi-zhang1989\/\" class=\"wp-block-social-link-anchor\"><svg width=\"24\" height=\"24\" viewBox=\"0 0 24 24\" version=\"1.1\" xmlns=\"http:\/\/www.w3.org\/2000\/svg\" aria-hidden=\"true\" focusable=\"false\"><path d=\"M19.7,3H4.3C3.582,3,3,3.582,3,4.3v15.4C3,20.418,3.582,21,4.3,21h15.4c0.718,0,1.3-0.582,1.3-1.3V4.3 C21,3.582,20.418,3,19.7,3z M8.339,18.338H5.667v-8.59h2.672V18.338z M7.004,8.574c-0.857,0-1.549-0.694-1.549-1.548 c0-0.855,0.691-1.548,1.549-1.548c0.854,0,1.547,0.694,1.547,1.548C8.551,7.881,7.858,8.574,7.004,8.574z M18.339,18.338h-2.669 v-4.177c0-0.996-0.017-2.278-1.387-2.278c-1.389,0-1.601,1.086-1.601,2.206v4.249h-2.667v-8.59h2.559v1.174h0.037 c0.356-0.675,1.227-1.387,2.526-1.387c2.703,0,3.203,1.779,3.203,4.092V18.338z\"><\/path><\/svg><span class=\"wp-block-social-link-label screen-reader-text\">LinkedIn<\/span><\/a><\/li><\/ul><\/div><\/div><\/div><div class=\"wp-block-cover alignfull is-light has-background-color has-text-color has-link-color wp-elements-c897faef0571f196d4c1db55c0919eb8\" style=\"margin-top:0;margin-bottom:0;padding-top:0;padding-right:0;padding-bottom:0;padding-left:0\"><span aria-hidden=\"true\" class=\"wp-block-cover__background has-background-dim-30 has-background-dim\" style=\"background-color:#e96060\"><\/span><img loading=\"lazy\" decoding=\"async\" width=\"2500\" height=\"750\" class=\"wp-block-cover__image-background wp-image-130\" alt=\"\" src=\"https:\/\/cidw.de\/wp-content\/uploads\/2024\/04\/headerbild_karriere.jpeg\" style=\"object-position:38% 51%\" data-object-fit=\"cover\" data-object-position=\"38% 51%\" srcset=\"https:\/\/cidw.de\/wp-content\/uploads\/2024\/04\/headerbild_karriere.jpeg 2500w, https:\/\/cidw.de\/wp-content\/uploads\/2024\/04\/headerbild_karriere-300x90.jpeg 300w, https:\/\/cidw.de\/wp-content\/uploads\/2024\/04\/headerbild_karriere-1024x307.jpeg 1024w, https:\/\/cidw.de\/wp-content\/uploads\/2024\/04\/headerbild_karriere-768x230.jpeg 768w, https:\/\/cidw.de\/wp-content\/uploads\/2024\/04\/headerbild_karriere-1536x461.jpeg 1536w, https:\/\/cidw.de\/wp-content\/uploads\/2024\/04\/headerbild_karriere-2048x614.jpeg 2048w\" sizes=\"(max-width: 2500px) 100vw, 2500px\" \/><div class=\"wp-block-cover__inner-container has-global-padding is-layout-constrained wp-block-cover-is-layout-constrained\"><p class=\"has-text-align-center has-base-2-color has-text-color has-link-color wp-elements-dc9a650d92ac5ff9279155cffa0d0b6b\" style=\"font-size:clamp(27.894px, 1.743rem + ((1vw - 3.2px) * 2.094), 48px);font-style:normal;font-weight:600;letter-spacing:3px;line-height:1;text-transform:capitalize\"><strong>KARRIERE<\/strong><\/p><\/div><\/div><div style=\"height:11px\" aria-hidden=\"true\" class=\"wp-block-spacer\"><\/div><div class=\"wp-block-group has-global-padding is-layout-constrained wp-container-core-group-is-layout-2 wp-block-group-is-layout-constrained\" style=\"margin-top:0;margin-bottom:0;padding-top:0;padding-right:0;padding-bottom:0;padding-left:0\"><p class=\"has-text-align-left\">Als junges, wachsendes Unternehmen sind wir immer auf der Suche nach motivierten und engagierten Pers\u00f6nlichkeiten, die Spa\u00df am Aufbau von neuen Angeboten und an einer abwechslungsreichen T\u00e4tigkeit im deutsch-chinesischen Umfeld haben. Sie haben<\/p>\n\n<p class=\"has-text-align-left\">\u2022 Einen Hochschulabschluss<br>\u2022 Idealerweise erste Berufserfahrung<br>\u2022 Flie\u00dfende Sprachkenntnisse in mindestens zwei der Sprachen: Deutsch, Chinesisch, Englisch<\/p>\n\n<p class=\"has-text-align-left\">Worauf wir noch achten:<br>\u2022 Flexibilit\u00e4t und Belastbarkeit \u2013 Ein Muss an der Schnittstelle der beiden Kulturen!<br>\u2022 Organisationstalent<br>\u2022 Kommunikationsst\u00e4rke und Teamf\u00e4higkeit<\/p>\n\n<p class=\"has-text-align-left\">Wenn Sie sich gemeinsam mit uns in einem spannenden internationalen Umfeld weiter entwickeln m\u00f6chten, freuen wir uns auf Ihre <a href=\"mailto:recruiting@cidw.de\">Bewerbung<\/a>. <\/p><\/div><div style=\"height:23px\" aria-hidden=\"true\" class=\"wp-block-spacer\"><\/div>","protected":false},"excerpt":{"rendered":"<p>Dr. Julia Haes \u4f1a\u745c\u4e3dhaes[at]cidw.de Dr. Julia Haes besch\u00e4ftigt sich seit zehn Jahren intensiv mit der chinesischen Wirtschaft und Geschichte. Sie kommt aus einem Familienunternehmen, hat in M\u00fcnchen und San Bernadino (USA) Betriebswirtschaft studiert und wurde an der Universit\u00e4t St. Gallen zu Hochschulmarken promoviert. Sie betreute an der Freien Universit\u00e4t die Hochschulkooperationen mit chinesischen Universit\u00e4ten und [&hellip;]<\/p>\n","protected":false},"author":2,"featured_media":0,"parent":0,"menu_order":0,"comment_status":"closed","ping_status":"closed","template":"","meta":{"_eb_attr":"","footnotes":""},"yoast_head":"<!-- This site is optimized with the Yoast SEO plugin v24.5 - https:\/\/yoast.com\/wordpress\/plugins\/seo\/ -->\n<title>Unser Team - China-Institut f\u00fcr die deutsche Wirtschaft (CIDW)<\/title>\n<meta name=\"robots\" content=\"index, follow, max-snippet:-1, max-image-preview:large, max-video-preview:-1\" \/>\n<link rel=\"canonical\" href=\"https:\/\/cidw.de\/en\/unser-team\/\" \/>\n<meta property=\"og:locale\" content=\"en_US\" \/>\n<meta property=\"og:type\" content=\"article\" \/>\n<meta property=\"og:title\" content=\"Unser Team - China-Institut f\u00fcr die deutsche Wirtschaft (CIDW)\" \/>\n<meta property=\"og:description\" content=\"Dr. Julia Haes \u4f1a\u745c\u4e3dhaes[at]cidw.de Dr. Julia Haes besch\u00e4ftigt sich seit zehn Jahren intensiv mit der chinesischen Wirtschaft und Geschichte. Sie kommt aus einem Familienunternehmen, hat in M\u00fcnchen und San Bernadino (USA) Betriebswirtschaft studiert und wurde an der Universit\u00e4t St. Gallen zu Hochschulmarken promoviert. Sie betreute an der Freien Universit\u00e4t die Hochschulkooperationen mit chinesischen Universit\u00e4ten und [&hellip;]\" \/>\n<meta property=\"og:url\" content=\"https:\/\/cidw.de\/en\/unser-team\/\" \/>\n<meta property=\"og:site_name\" content=\"China-Institut f\u00fcr die deutsche Wirtschaft (CIDW)\" \/>\n<meta property=\"article:modified_time\" content=\"2024-04-26T11:22:46+00:00\" \/>\n<meta property=\"og:image\" content=\"https:\/\/cidw.de\/wp-content\/uploads\/2024\/04\/4-scaled.jpg\" \/>\n<meta name=\"twitter:card\" content=\"summary_large_image\" \/>\n<meta name=\"twitter:label1\" content=\"Est. reading time\" \/>\n\t<meta name=\"twitter:data1\" content=\"1 minute\" \/>\n<script type=\"application\/ld+json\" class=\"yoast-schema-graph\">{\"@context\":\"https:\/\/schema.org\",\"@graph\":[{\"@type\":\"WebPage\",\"@id\":\"https:\/\/cidw.de\/unser-team\/\",\"url\":\"https:\/\/cidw.de\/unser-team\/\",\"name\":\"Unser Team - China-Institut f\u00fcr die deutsche Wirtschaft (CIDW)\",\"isPartOf\":{\"@id\":\"https:\/\/cidw.de\/#website\"},\"primaryImageOfPage\":{\"@id\":\"https:\/\/cidw.de\/unser-team\/#primaryimage\"},\"image\":{\"@id\":\"https:\/\/cidw.de\/unser-team\/#primaryimage\"},\"thumbnailUrl\":\"https:\/\/cidw.de\/wp-content\/uploads\/2024\/04\/4-scaled.jpg\",\"datePublished\":\"2024-04-16T09:13:42+00:00\",\"dateModified\":\"2024-04-26T11:22:46+00:00\",\"breadcrumb\":{\"@id\":\"https:\/\/cidw.de\/unser-team\/#breadcrumb\"},\"inLanguage\":\"en-US\",\"potentialAction\":[{\"@type\":\"ReadAction\",\"target\":[\"https:\/\/cidw.de\/unser-team\/\"]}]},{\"@type\":\"ImageObject\",\"inLanguage\":\"en-US\",\"@id\":\"https:\/\/cidw.de\/unser-team\/#primaryimage\",\"url\":\"https:\/\/cidw.de\/wp-content\/uploads\/2024\/04\/4-scaled.jpg\",\"contentUrl\":\"https:\/\/cidw.de\/wp-content\/uploads\/2024\/04\/4-scaled.jpg\"},{\"@type\":\"BreadcrumbList\",\"@id\":\"https:\/\/cidw.de\/unser-team\/#breadcrumb\",\"itemListElement\":[{\"@type\":\"ListItem\",\"position\":1,\"name\":\"Startseite\",\"item\":\"https:\/\/cidw.de\/\"},{\"@type\":\"ListItem\",\"position\":2,\"name\":\"Unser Team\"}]},{\"@type\":\"WebSite\",\"@id\":\"https:\/\/cidw.de\/#website\",\"url\":\"https:\/\/cidw.de\/\",\"name\":\"China-Institut f\u00fcr die deutsche Wirtschaft (CIDW)\",\"description\":\"Wir bieten Strategie- und Risikomanagementberatung f\u00fcr KMUs mit Chinagesch\u00e4ft\",\"publisher\":{\"@id\":\"https:\/\/cidw.de\/#organization\"},\"potentialAction\":[{\"@type\":\"SearchAction\",\"target\":{\"@type\":\"EntryPoint\",\"urlTemplate\":\"https:\/\/cidw.de\/?s={search_term_string}\"},\"query-input\":{\"@type\":\"PropertyValueSpecification\",\"valueRequired\":true,\"valueName\":\"search_term_string\"}}],\"inLanguage\":\"en-US\"},{\"@type\":\"Organization\",\"@id\":\"https:\/\/cidw.de\/#organization\",\"name\":\"China-Institut f\u00fcr die deutsche Wirtschaft (CIDW)\",\"url\":\"https:\/\/cidw.de\/\",\"logo\":{\"@type\":\"ImageObject\",\"inLanguage\":\"en-US\",\"@id\":\"https:\/\/cidw.de\/#\/schema\/logo\/image\/\",\"url\":\"https:\/\/cidw.de\/wp-content\/uploads\/2024\/04\/Logo_CIDW-edited-1.png\",\"contentUrl\":\"https:\/\/cidw.de\/wp-content\/uploads\/2024\/04\/Logo_CIDW-edited-1.png\",\"width\":2481,\"height\":1396,\"caption\":\"China-Institut f\u00fcr die deutsche Wirtschaft (CIDW)\"},\"image\":{\"@id\":\"https:\/\/cidw.de\/#\/schema\/logo\/image\/\"}}]}<\/script>\n<!-- \/ Yoast SEO plugin. -->","yoast_head_json":{"title":"Unser Team - China-Institut f\u00fcr die deutsche Wirtschaft (CIDW)","robots":{"index":"index","follow":"follow","max-snippet":"max-snippet:-1","max-image-preview":"max-image-preview:large","max-video-preview":"max-video-preview:-1"},"canonical":"https:\/\/cidw.de\/en\/unser-team\/","og_locale":"en_US","og_type":"article","og_title":"Unser Team - China-Institut f\u00fcr die deutsche Wirtschaft (CIDW)","og_description":"Dr. Julia Haes \u4f1a\u745c\u4e3dhaes[at]cidw.de Dr. Julia Haes besch\u00e4ftigt sich seit zehn Jahren intensiv mit der chinesischen Wirtschaft und Geschichte. Sie kommt aus einem Familienunternehmen, hat in M\u00fcnchen und San Bernadino (USA) Betriebswirtschaft studiert und wurde an der Universit\u00e4t St. Gallen zu Hochschulmarken promoviert. Sie betreute an der Freien Universit\u00e4t die Hochschulkooperationen mit chinesischen Universit\u00e4ten und [&hellip;]","og_url":"https:\/\/cidw.de\/en\/unser-team\/","og_site_name":"China-Institut f\u00fcr die deutsche Wirtschaft (CIDW)","article_modified_time":"2024-04-26T11:22:46+00:00","og_image":[{"url":"https:\/\/cidw.de\/wp-content\/uploads\/2024\/04\/4-scaled.jpg","type":"","width":"","height":""}],"twitter_card":"summary_large_image","twitter_misc":{"Est. reading time":"1 minute"},"schema":{"@context":"https:\/\/schema.org","@graph":[{"@type":"WebPage","@id":"https:\/\/cidw.de\/unser-team\/","url":"https:\/\/cidw.de\/unser-team\/","name":"Unser Team - China-Institut f\u00fcr die deutsche Wirtschaft (CIDW)","isPartOf":{"@id":"https:\/\/cidw.de\/#website"},"primaryImageOfPage":{"@id":"https:\/\/cidw.de\/unser-team\/#primaryimage"},"image":{"@id":"https:\/\/cidw.de\/unser-team\/#primaryimage"},"thumbnailUrl":"https:\/\/cidw.de\/wp-content\/uploads\/2024\/04\/4-scaled.jpg","datePublished":"2024-04-16T09:13:42+00:00","dateModified":"2024-04-26T11:22:46+00:00","breadcrumb":{"@id":"https:\/\/cidw.de\/unser-team\/#breadcrumb"},"inLanguage":"en-US","potentialAction":[{"@type":"ReadAction","target":["https:\/\/cidw.de\/unser-team\/"]}]},{"@type":"ImageObject","inLanguage":"en-US","@id":"https:\/\/cidw.de\/unser-team\/#primaryimage","url":"https:\/\/cidw.de\/wp-content\/uploads\/2024\/04\/4-scaled.jpg","contentUrl":"https:\/\/cidw.de\/wp-content\/uploads\/2024\/04\/4-scaled.jpg"},{"@type":"BreadcrumbList","@id":"https:\/\/cidw.de\/unser-team\/#breadcrumb","itemListElement":[{"@type":"ListItem","position":1,"name":"Startseite","item":"https:\/\/cidw.de\/"},{"@type":"ListItem","position":2,"name":"Unser Team"}]},{"@type":"WebSite","@id":"https:\/\/cidw.de\/#website","url":"https:\/\/cidw.de\/","name":"China-Institut f\u00fcr die deutsche Wirtschaft (CIDW)","description":"Wir bieten Strategie- und Risikomanagementberatung f\u00fcr KMUs mit Chinagesch\u00e4ft","publisher":{"@id":"https:\/\/cidw.de\/#organization"},"potentialAction":[{"@type":"SearchAction","target":{"@type":"EntryPoint","urlTemplate":"https:\/\/cidw.de\/?s={search_term_string}"},"query-input":{"@type":"PropertyValueSpecification","valueRequired":true,"valueName":"search_term_string"}}],"inLanguage":"en-US"},{"@type":"Organization","@id":"https:\/\/cidw.de\/#organization","name":"China-Institut f\u00fcr die deutsche Wirtschaft (CIDW)","url":"https:\/\/cidw.de\/","logo":{"@type":"ImageObject","inLanguage":"en-US","@id":"https:\/\/cidw.de\/#\/schema\/logo\/image\/","url":"https:\/\/cidw.de\/wp-content\/uploads\/2024\/04\/Logo_CIDW-edited-1.png","contentUrl":"https:\/\/cidw.de\/wp-content\/uploads\/2024\/04\/Logo_CIDW-edited-1.png","width":2481,"height":1396,"caption":"China-Institut f\u00fcr die deutsche Wirtschaft (CIDW)"},"image":{"@id":"https:\/\/cidw.de\/#\/schema\/logo\/image\/"}}]}},"jetpack_sharing_enabled":true,"_links":{"self":[{"href":"https:\/\/cidw.de\/en\/wp-json\/wp\/v2\/pages\/403"}],"collection":[{"href":"https:\/\/cidw.de\/en\/wp-json\/wp\/v2\/pages"}],"about":[{"href":"https:\/\/cidw.de\/en\/wp-json\/wp\/v2\/types\/page"}],"author":[{"embeddable":true,"href":"https:\/\/cidw.de\/en\/wp-json\/wp\/v2\/users\/2"}],"replies":[{"embeddable":true,"href":"https:\/\/cidw.de\/en\/wp-json\/wp\/v2\/comments?post=403"}],"version-history":[{"count":28,"href":"https:\/\/cidw.de\/en\/wp-json\/wp\/v2\/pages\/403\/revisions"}],"predecessor-version":[{"id":736,"href":"https:\/\/cidw.de\/en\/wp-json\/wp\/v2\/pages\/403\/revisions\/736"}],"wp:attachment":[{"href":"https:\/\/cidw.de\/en\/wp-json\/wp\/v2\/media?parent=403"}],"curies":[{"name":"wp","href":"https:\/\/api.w.org\/{rel}","templated":true}]}}