{"id":262,"date":"2024-04-12T16:00:53","date_gmt":"2024-04-12T16:00:53","guid":{"rendered":"https:\/\/cidw.de\/?page_id=262"},"modified":"2024-04-18T06:58:43","modified_gmt":"2024-04-18T06:58:43","slug":"impressum","status":"publish","type":"page","link":"https:\/\/cidw.de\/en\/impressum\/","title":{"rendered":"Impressum"},"content":{"rendered":"<section class=\"wp-block-group alignfull has-text-color has-global-padding is-layout-constrained wp-container-core-group-is-layout-2 wp-block-group-is-layout-constrained\" style=\"color:#3e3e3e;margin-top:0rem;padding-right:1rem;padding-left:1rem;font-size:clamp(0.875rem, 0.875rem + ((1vw - 0.2rem) * 0.425), 1.13rem);font-style:normal;font-weight:400;line-height:1.5\"><div class=\"wp-block-group has-global-padding is-layout-constrained wp-container-core-group-is-layout-1 wp-block-group-is-layout-constrained\" style=\"border-top-color:#d4d4d4;border-top-width:1px;padding-top:0rem;padding-bottom:0rem\"><div class=\"page-header\">\n<h4>IMPRESSUM<\/h4>\n<\/div>\n<p><strong>Angaben gem\u00e4\u00df \u00a7 5 TMG<\/strong><\/p>\n<h6>CIDW Service GmbH<br \/>Blumenstra\u00dfe 3<br \/>82327 Tutzing<\/h6>\n<h6>Handelsregister: HRB 289859<br \/>Registergericht: M\u00fcnchen<\/h6>\n<h6><strong>Vertreten durch:<\/strong><br \/>Dr. Julia Haes<\/h6>\n<p><strong>Contact Us<\/strong><\/p>\n<h6>Telefon: +49 8158 925 944-0<br \/>E-Mail:\u00a0<span id=\"cloakcdebec090a877f6e0e96c89e7dc7acef\"><span id=\"cloakcbc52faf1bc7706061fc6bd2d333d1ef\"><a href=\"mailto:info@cidw.de\">info@cidw.de<\/a><\/span><\/span><\/h6>\n<p><strong>Redaktionell verantwortlich<\/strong><\/p>\n<h6>Dr. Julia Haes<br \/>CIDW Service GmbH<br \/>Blumenstra\u00dfe 3<br \/>82327 Tutzing<\/h6>\n<p><strong>EU-Streitschlichtung<\/strong><\/p>\n<h6>Die Europ\u00e4ische Kommission stellt eine Plattform zur Online-Streitbeilegung (OS) bereit:\u00a0<a href=\"https:\/\/ec.europa.eu\/consumers\/odr\/\" target=\"_blank\" rel=\"noopener noreferrer\">https:\/\/ec.europa.eu\/consumers\/odr\/<\/a>.<br \/>Unsere E-Mail-Adresse finden Sie oben im Impressum.<\/h6>\n<p><strong>Verbraucher\u00adstreit\u00adbeilegung\/Universal\u00adschlichtungs\u00adstelle<\/strong><\/p>\n<h6>Wir sind nicht bereit oder verpflichtet, an Streitbeilegungsverfahren vor einer Verbraucherschlichtungsstelle teilzunehmen.<\/h6>\n<p><img loading=\"lazy\" decoding=\"async\" src=\"https:\/\/cidw.de\/images\/erecht24-grau-impressum-gross.png\" alt=\"\" width=\"288\" height=\"100\" \/><\/p>\n<div>\u00a0<\/div><\/div><\/section>","protected":false},"excerpt":{"rendered":"<p>IMPRESSUM Angaben gem\u00e4\u00df \u00a7 5 TMG CIDW Service GmbHBlumenstra\u00dfe 382327 Tutzing Handelsregister: HRB 289859Registergericht: M\u00fcnchen Vertreten durch:Dr. Julia Haes Kontakt Telefon: +49 8158 925 944-0E-Mail:\u00a0info@cidw.de Redaktionell verantwortlich Dr. Julia HaesCIDW Service GmbHBlumenstra\u00dfe 382327 Tutzing EU-Streitschlichtung Die Europ\u00e4ische Kommission stellt eine Plattform zur Online-Streitbeilegung (OS) bereit:\u00a0https:\/\/ec.europa.eu\/consumers\/odr\/.Unsere E-Mail-Adresse finden Sie oben im Impressum. Verbraucher\u00adstreit\u00adbeilegung\/Universal\u00adschlichtungs\u00adstelle Wir sind nicht [&hellip;]<\/p>\n","protected":false},"author":2,"featured_media":0,"parent":0,"menu_order":0,"comment_status":"closed","ping_status":"closed","template":"","meta":{"_eb_attr":"","footnotes":""},"yoast_head":"<!-- This site is optimized with the Yoast SEO plugin v24.5 - https:\/\/yoast.com\/wordpress\/plugins\/seo\/ -->\n<title>Impressum - China-Institut f\u00fcr die deutsche Wirtschaft (CIDW)<\/title>\n<meta name=\"robots\" content=\"index, follow, max-snippet:-1, max-image-preview:large, max-video-preview:-1\" \/>\n<link rel=\"canonical\" href=\"https:\/\/cidw.de\/en\/impressum\/\" \/>\n<meta property=\"og:locale\" content=\"en_US\" \/>\n<meta property=\"og:type\" content=\"article\" \/>\n<meta property=\"og:title\" content=\"Impressum - China-Institut f\u00fcr die deutsche Wirtschaft (CIDW)\" \/>\n<meta property=\"og:description\" content=\"IMPRESSUM Angaben gem\u00e4\u00df \u00a7 5 TMG CIDW Service GmbHBlumenstra\u00dfe 382327 Tutzing Handelsregister: HRB 289859Registergericht: M\u00fcnchen Vertreten durch:Dr. Julia Haes Kontakt Telefon: +49 8158 925 944-0E-Mail:\u00a0info@cidw.de Redaktionell verantwortlich Dr. Julia HaesCIDW Service GmbHBlumenstra\u00dfe 382327 Tutzing EU-Streitschlichtung Die Europ\u00e4ische Kommission stellt eine Plattform zur Online-Streitbeilegung (OS) bereit:\u00a0https:\/\/ec.europa.eu\/consumers\/odr\/.Unsere E-Mail-Adresse finden Sie oben im Impressum. Verbraucher\u00adstreit\u00adbeilegung\/Universal\u00adschlichtungs\u00adstelle Wir sind nicht [&hellip;]\" \/>\n<meta property=\"og:url\" content=\"https:\/\/cidw.de\/en\/impressum\/\" \/>\n<meta property=\"og:site_name\" content=\"China-Institut f\u00fcr die deutsche Wirtschaft (CIDW)\" \/>\n<meta property=\"article:modified_time\" content=\"2024-04-18T06:58:43+00:00\" \/>\n<meta property=\"og:image\" content=\"https:\/\/cidw.de\/images\/erecht24-grau-impressum-gross.png\" \/>\n<meta name=\"twitter:card\" content=\"summary_large_image\" \/>\n<script type=\"application\/ld+json\" class=\"yoast-schema-graph\">{\"@context\":\"https:\/\/schema.org\",\"@graph\":[{\"@type\":\"WebPage\",\"@id\":\"https:\/\/cidw.de\/impressum\/\",\"url\":\"https:\/\/cidw.de\/impressum\/\",\"name\":\"Impressum - China-Institut f\u00fcr die deutsche Wirtschaft (CIDW)\",\"isPartOf\":{\"@id\":\"https:\/\/cidw.de\/#website\"},\"primaryImageOfPage\":{\"@id\":\"https:\/\/cidw.de\/impressum\/#primaryimage\"},\"image\":{\"@id\":\"https:\/\/cidw.de\/impressum\/#primaryimage\"},\"thumbnailUrl\":\"https:\/\/cidw.de\/images\/erecht24-grau-impressum-gross.png\",\"datePublished\":\"2024-04-12T16:00:53+00:00\",\"dateModified\":\"2024-04-18T06:58:43+00:00\",\"breadcrumb\":{\"@id\":\"https:\/\/cidw.de\/impressum\/#breadcrumb\"},\"inLanguage\":\"en-US\",\"potentialAction\":[{\"@type\":\"ReadAction\",\"target\":[\"https:\/\/cidw.de\/impressum\/\"]}]},{\"@type\":\"ImageObject\",\"inLanguage\":\"en-US\",\"@id\":\"https:\/\/cidw.de\/impressum\/#primaryimage\",\"url\":\"https:\/\/cidw.de\/images\/erecht24-grau-impressum-gross.png\",\"contentUrl\":\"https:\/\/cidw.de\/images\/erecht24-grau-impressum-gross.png\"},{\"@type\":\"BreadcrumbList\",\"@id\":\"https:\/\/cidw.de\/impressum\/#breadcrumb\",\"itemListElement\":[{\"@type\":\"ListItem\",\"position\":1,\"name\":\"Startseite\",\"item\":\"https:\/\/cidw.de\/\"},{\"@type\":\"ListItem\",\"position\":2,\"name\":\"Impressum\"}]},{\"@type\":\"WebSite\",\"@id\":\"https:\/\/cidw.de\/#website\",\"url\":\"https:\/\/cidw.de\/\",\"name\":\"China-Institut f\u00fcr die deutsche Wirtschaft (CIDW)\",\"description\":\"Wir bieten Strategie- und Risikomanagementberatung f\u00fcr KMUs mit Chinagesch\u00e4ft\",\"publisher\":{\"@id\":\"https:\/\/cidw.de\/#organization\"},\"potentialAction\":[{\"@type\":\"SearchAction\",\"target\":{\"@type\":\"EntryPoint\",\"urlTemplate\":\"https:\/\/cidw.de\/?s={search_term_string}\"},\"query-input\":{\"@type\":\"PropertyValueSpecification\",\"valueRequired\":true,\"valueName\":\"search_term_string\"}}],\"inLanguage\":\"en-US\"},{\"@type\":\"Organization\",\"@id\":\"https:\/\/cidw.de\/#organization\",\"name\":\"China-Institut f\u00fcr die deutsche Wirtschaft (CIDW)\",\"url\":\"https:\/\/cidw.de\/\",\"logo\":{\"@type\":\"ImageObject\",\"inLanguage\":\"en-US\",\"@id\":\"https:\/\/cidw.de\/#\/schema\/logo\/image\/\",\"url\":\"https:\/\/cidw.de\/wp-content\/uploads\/2024\/04\/Logo_CIDW-edited-1.png\",\"contentUrl\":\"https:\/\/cidw.de\/wp-content\/uploads\/2024\/04\/Logo_CIDW-edited-1.png\",\"width\":2481,\"height\":1396,\"caption\":\"China-Institut f\u00fcr die deutsche Wirtschaft (CIDW)\"},\"image\":{\"@id\":\"https:\/\/cidw.de\/#\/schema\/logo\/image\/\"}}]}<\/script>\n<!-- \/ Yoast SEO plugin. -->","yoast_head_json":{"title":"Impressum - China-Institut f\u00fcr die deutsche Wirtschaft (CIDW)","robots":{"index":"index","follow":"follow","max-snippet":"max-snippet:-1","max-image-preview":"max-image-preview:large","max-video-preview":"max-video-preview:-1"},"canonical":"https:\/\/cidw.de\/en\/impressum\/","og_locale":"en_US","og_type":"article","og_title":"Impressum - China-Institut f\u00fcr die deutsche Wirtschaft (CIDW)","og_description":"IMPRESSUM Angaben gem\u00e4\u00df \u00a7 5 TMG CIDW Service GmbHBlumenstra\u00dfe 382327 Tutzing Handelsregister: HRB 289859Registergericht: M\u00fcnchen Vertreten durch:Dr. Julia Haes Kontakt Telefon: +49 8158 925 944-0E-Mail:\u00a0info@cidw.de Redaktionell verantwortlich Dr. Julia HaesCIDW Service GmbHBlumenstra\u00dfe 382327 Tutzing EU-Streitschlichtung Die Europ\u00e4ische Kommission stellt eine Plattform zur Online-Streitbeilegung (OS) bereit:\u00a0https:\/\/ec.europa.eu\/consumers\/odr\/.Unsere E-Mail-Adresse finden Sie oben im Impressum. Verbraucher\u00adstreit\u00adbeilegung\/Universal\u00adschlichtungs\u00adstelle Wir sind nicht [&hellip;]","og_url":"https:\/\/cidw.de\/en\/impressum\/","og_site_name":"China-Institut f\u00fcr die deutsche Wirtschaft (CIDW)","article_modified_time":"2024-04-18T06:58:43+00:00","og_image":[{"url":"https:\/\/cidw.de\/images\/erecht24-grau-impressum-gross.png","type":"","width":"","height":""}],"twitter_card":"summary_large_image","schema":{"@context":"https:\/\/schema.org","@graph":[{"@type":"WebPage","@id":"https:\/\/cidw.de\/impressum\/","url":"https:\/\/cidw.de\/impressum\/","name":"Impressum - China-Institut f\u00fcr die deutsche Wirtschaft (CIDW)","isPartOf":{"@id":"https:\/\/cidw.de\/#website"},"primaryImageOfPage":{"@id":"https:\/\/cidw.de\/impressum\/#primaryimage"},"image":{"@id":"https:\/\/cidw.de\/impressum\/#primaryimage"},"thumbnailUrl":"https:\/\/cidw.de\/images\/erecht24-grau-impressum-gross.png","datePublished":"2024-04-12T16:00:53+00:00","dateModified":"2024-04-18T06:58:43+00:00","breadcrumb":{"@id":"https:\/\/cidw.de\/impressum\/#breadcrumb"},"inLanguage":"en-US","potentialAction":[{"@type":"ReadAction","target":["https:\/\/cidw.de\/impressum\/"]}]},{"@type":"ImageObject","inLanguage":"en-US","@id":"https:\/\/cidw.de\/impressum\/#primaryimage","url":"https:\/\/cidw.de\/images\/erecht24-grau-impressum-gross.png","contentUrl":"https:\/\/cidw.de\/images\/erecht24-grau-impressum-gross.png"},{"@type":"BreadcrumbList","@id":"https:\/\/cidw.de\/impressum\/#breadcrumb","itemListElement":[{"@type":"ListItem","position":1,"name":"Startseite","item":"https:\/\/cidw.de\/"},{"@type":"ListItem","position":2,"name":"Impressum"}]},{"@type":"WebSite","@id":"https:\/\/cidw.de\/#website","url":"https:\/\/cidw.de\/","name":"China-Institut f\u00fcr die deutsche Wirtschaft (CIDW)","description":"Wir bieten Strategie- und Risikomanagementberatung f\u00fcr KMUs mit Chinagesch\u00e4ft","publisher":{"@id":"https:\/\/cidw.de\/#organization"},"potentialAction":[{"@type":"SearchAction","target":{"@type":"EntryPoint","urlTemplate":"https:\/\/cidw.de\/?s={search_term_string}"},"query-input":{"@type":"PropertyValueSpecification","valueRequired":true,"valueName":"search_term_string"}}],"inLanguage":"en-US"},{"@type":"Organization","@id":"https:\/\/cidw.de\/#organization","name":"China-Institut f\u00fcr die deutsche Wirtschaft (CIDW)","url":"https:\/\/cidw.de\/","logo":{"@type":"ImageObject","inLanguage":"en-US","@id":"https:\/\/cidw.de\/#\/schema\/logo\/image\/","url":"https:\/\/cidw.de\/wp-content\/uploads\/2024\/04\/Logo_CIDW-edited-1.png","contentUrl":"https:\/\/cidw.de\/wp-content\/uploads\/2024\/04\/Logo_CIDW-edited-1.png","width":2481,"height":1396,"caption":"China-Institut f\u00fcr die deutsche Wirtschaft (CIDW)"},"image":{"@id":"https:\/\/cidw.de\/#\/schema\/logo\/image\/"}}]}},"jetpack_sharing_enabled":true,"_links":{"self":[{"href":"https:\/\/cidw.de\/en\/wp-json\/wp\/v2\/pages\/262"}],"collection":[{"href":"https:\/\/cidw.de\/en\/wp-json\/wp\/v2\/pages"}],"about":[{"href":"https:\/\/cidw.de\/en\/wp-json\/wp\/v2\/types\/page"}],"author":[{"embeddable":true,"href":"https:\/\/cidw.de\/en\/wp-json\/wp\/v2\/users\/2"}],"replies":[{"embeddable":true,"href":"https:\/\/cidw.de\/en\/wp-json\/wp\/v2\/comments?post=262"}],"version-history":[{"count":7,"href":"https:\/\/cidw.de\/en\/wp-json\/wp\/v2\/pages\/262\/revisions"}],"predecessor-version":[{"id":662,"href":"https:\/\/cidw.de\/en\/wp-json\/wp\/v2\/pages\/262\/revisions\/662"}],"wp:attachment":[{"href":"https:\/\/cidw.de\/en\/wp-json\/wp\/v2\/media?parent=262"}],"curies":[{"name":"wp","href":"https:\/\/api.w.org\/{rel}","templated":true}]}}