{"id":128,"date":"2024-04-12T14:14:55","date_gmt":"2024-04-12T14:14:55","guid":{"rendered":"https:\/\/cidw.de\/?page_id=128"},"modified":"2024-04-24T07:36:08","modified_gmt":"2024-04-24T07:36:08","slug":"uebercidw","status":"publish","type":"page","link":"https:\/\/cidw.de\/en\/uebercidw\/","title":{"rendered":"About CIDW"},"content":{"rendered":"<div class=\"wp-block-columns alignfull are-vertically-aligned-center has-white-background-color has-background is-layout-flex wp-container-core-columns-is-layout-1 wp-block-columns-is-layout-flex\" style=\"margin-bottom:0;padding-top:0px;padding-right:0;padding-bottom:0px;padding-left:0\"><div class=\"wp-block-column is-vertically-aligned-center has-text-color has-link-color wp-elements-e1cf21a3c62fd313f43f7e3361492a76 is-layout-flow wp-block-column-is-layout-flow\" style=\"border-style:none;border-width:0px;color:#000000;padding-top:0em;padding-right:0em;padding-bottom:0em;padding-left:0em\"><div class=\"wp-block-cover is-light has-contrast-2-color has-text-color has-link-color wp-elements-2455bbe541aced9c90ad42724dfef89e\" style=\"min-height:460px;aspect-ratio:unset;\"><span aria-hidden=\"true\" class=\"wp-block-cover__background has-background-dim-0 has-background-dim\" style=\"background-color:#FFF\"><\/span><img decoding=\"async\" class=\"wp-block-cover__image-background wp-image-55\" alt=\"\" src=\"https:\/\/cidwinstitute.files.wordpress.com\/2024\/04\/adobestock_271171292-1.jpeg\" data-object-fit=\"cover\"\/><div class=\"wp-block-cover__inner-container has-global-padding is-layout-constrained wp-block-cover-is-layout-constrained\"><p class=\"has-text-align-center has-text-color has-link-color has-xx-large-font-size wp-elements-e3c7e7841ebeb9d5eeb30e4f2c2782d6\" style=\"color:#a8262c\"><strong>ABOUT CIDW<\/strong><\/p><\/div><\/div><\/div><\/div><div class=\"wp-block-columns alignfull are-vertically-aligned-top has-white-background-color has-background is-layout-flex wp-container-core-columns-is-layout-2 wp-block-columns-is-layout-flex\" style=\"margin-top:0px;margin-bottom:0;padding-top:50px;padding-right:var(--wp--preset--spacing--30);padding-bottom:50px;padding-left:var(--wp--preset--spacing--30)\"><div class=\"wp-block-column is-vertically-aligned-top has-text-color has-link-color wp-elements-5b1485f5d4dbbc14f3b9684cea53c604 is-layout-flow wp-container-core-column-is-layout-2 wp-block-column-is-layout-flow\" style=\"border-style:none;border-width:0px;color:#000000;padding-top:32px;padding-right:0em;padding-bottom:0em;padding-left:0em;flex-basis:40%\"><h1 class=\"wp-block-heading has-text-align-left\" style=\"font-size:clamp(25.014px, 1.563rem + ((1vw - 3.2px) * 1.769), 42px);font-style:normal;font-weight:600\">Your Partner for <\/h1>\n\n<h1 class=\"wp-block-heading has-text-align-left\" style=\"font-size:clamp(25.014px, 1.563rem + ((1vw - 3.2px) * 1.769), 42px);font-style:normal;font-weight:600\">more China Expertise<\/h1>\n\n<div style=\"height:14px\" aria-hidden=\"true\" class=\"wp-block-spacer\"><\/div><\/div>\n\n<div class=\"wp-block-column is-vertically-aligned-top has-text-color has-link-color wp-elements-5bbf7f2d9fb7899ee9deb9c11d934af8 is-layout-flow wp-container-core-column-is-layout-3 wp-block-column-is-layout-flow\" style=\"border-style:none;border-width:0px;color:#000000;padding-top:0em;padding-bottom:0em;padding-left:32px;flex-basis:60%\"><p>The China Institute for the German Economy (CIDW) offers a unique combination of rigorous research and practical consulting. As a German-Chinese team with many years of international experience, we bring an interdisciplinary academic background and broad expertise across various industries and company sizes. We approach challenges from multiple perspectives and base our thorough analyses on original sources.<\/p>\n\n<p>Practically oriented, we also provide insights and thought-provoking ideas for consulting in the areas of China\u2019s economy, politics, and society.<\/p>\n\n<div class=\"wp-block-buttons is-content-justification-left is-layout-flex wp-container-core-buttons-is-layout-1 wp-block-buttons-is-layout-flex\" style=\"margin-top:32px\"><div class=\"wp-block-button\"><a class=\"wp-block-button__link has-white-color has-text-color has-background has-link-color has-text-align-center wp-element-button\" href=\"mailto:info@cidw.de\" style=\"border-radius:5px;background-color:#a8262c;padding-top:10px;padding-bottom:10px\">Contact Us<\/a><\/div><\/div><\/div><\/div><div class=\"wp-block-group alignfull has-background has-global-padding is-layout-constrained wp-container-core-group-is-layout-8 wp-block-group-is-layout-constrained\" style=\"background-color:#f0ede9;margin-top:0;margin-bottom:0;padding-top:4rem;padding-right:1rem;padding-bottom:3rem;padding-left:1rem\"><div class=\"wp-block-group alignfull has-global-padding is-layout-constrained wp-block-group-is-layout-constrained\" style=\"padding-bottom:2rem\"><h2 class=\"wp-block-heading has-text-align-center has-text-color\" style=\"color:#393939;font-size:clamp(1.556rem, 1.556rem + ((1vw - 0.2rem) * 1.757), 2.61rem);font-style:normal;font-weight:600;line-height:1.5\">OUR MISSION<\/h2>\n\n<p class=\"has-text-align-center has-medium-font-size\">We help our clients navigate their business safely through the turbulent waters of the China market. China remains a crucial market for German companies\u2014offering both opportunities and risks. Moreover, the major global challenges of our time can only be addressed through effective engagement with China.<\/p><\/div>\n\n<div class=\"wp-block-group alignwide has-global-padding is-layout-constrained wp-container-core-group-is-layout-7 wp-block-group-is-layout-constrained\" style=\"margin-top:1.01rem\"><div class=\"wp-block-columns alignwide is-layout-flex wp-container-core-columns-is-layout-3 wp-block-columns-is-layout-flex\"><div class=\"wp-block-column has-global-padding is-layout-constrained wp-container-core-column-is-layout-4 wp-block-column-is-layout-constrained\" style=\"padding-right:1rem;padding-bottom:2rem;padding-left:1rem\"><div class=\"wp-block-group has-global-padding is-layout-constrained wp-container-core-group-is-layout-2 wp-block-group-is-layout-constrained\"><figure class=\"wp-block-image aligncenter size-full is-resized wp-duotone-unset-1\"><img loading=\"lazy\" decoding=\"async\" width=\"149\" height=\"153\" src=\"https:\/\/cidw.de\/wp-content\/uploads\/2024\/04\/2-3.png\" alt=\"\" class=\"wp-image-433\" style=\"width:66px;height:auto\"\/><\/figure><\/div>\n\n<p class=\"has-text-align-center has-text-color\" style=\"color:#252525;margin-top:0.51rem;font-size:clamp(0.875rem, 0.875rem + ((1vw - 0.2rem) * 0.058), 0.91rem);font-style:normal;font-weight:500;line-height:1.5\">We assist companies in developing effective China strategies within the context of global competition, helping them navigate this complex environment successfully.<\/p><\/div>\n\n<div class=\"wp-block-column has-global-padding is-layout-constrained wp-container-core-column-is-layout-5 wp-block-column-is-layout-constrained\" style=\"padding-right:1rem;padding-bottom:2rem;padding-left:1rem\"><div class=\"wp-block-group has-global-padding is-layout-constrained wp-container-core-group-is-layout-3 wp-block-group-is-layout-constrained\"><figure class=\"wp-block-image aligncenter size-full is-resized wp-duotone-unset-2\"><img loading=\"lazy\" decoding=\"async\" width=\"185\" height=\"138\" src=\"https:\/\/cidw.de\/wp-content\/uploads\/2024\/04\/3-5.png\" alt=\"\" class=\"wp-image-432\" style=\"width:92px;height:auto\"\/><\/figure><\/div>\n\n<p class=\"has-text-align-center has-text-color\" style=\"color:#252525;margin-top:0.51rem;font-size:clamp(0.875rem, 0.875rem + ((1vw - 0.2rem) * 0.058), 0.91rem);font-style:normal;font-weight:500;line-height:1.5\">We support German companies in their long-term business development within the international environment, with a special focus on engaging with China while considering global interconnections.<\/p><\/div>\n\n<div class=\"wp-block-column has-global-padding is-layout-constrained wp-container-core-column-is-layout-6 wp-block-column-is-layout-constrained\" style=\"padding-right:1rem;padding-bottom:2rem;padding-left:1rem\"><div class=\"wp-block-group has-global-padding is-layout-constrained wp-container-core-group-is-layout-4 wp-block-group-is-layout-constrained\"><figure class=\"wp-block-image aligncenter size-full is-resized wp-duotone-unset-3\"><img loading=\"lazy\" decoding=\"async\" width=\"149\" height=\"149\" src=\"https:\/\/cidw.de\/wp-content\/uploads\/2024\/04\/1-2.png\" alt=\"\" class=\"wp-image-431\" style=\"width:70px;height:auto\"\/><\/figure><\/div>\n\n<p class=\"has-text-align-center has-text-color\" style=\"color:#252525;margin-top:0.51rem;font-size:clamp(0.875rem, 0.875rem + ((1vw - 0.2rem) * 0.058), 0.91rem);font-style:normal;font-weight:500;line-height:1.5\">We are the first private institute dedicated to China expertise specifically for the German economy, working collaboratively with companies to develop a confident and informed stance toward China.<\/p><\/div>\n\n<div class=\"wp-block-column has-global-padding is-layout-constrained wp-container-core-column-is-layout-7 wp-block-column-is-layout-constrained\" style=\"padding-right:1rem;padding-bottom:2rem;padding-left:1rem\"><div class=\"wp-block-group has-global-padding is-layout-constrained wp-container-core-group-is-layout-5 wp-block-group-is-layout-constrained\"><figure class=\"wp-block-image aligncenter size-full is-resized wp-duotone-unset-4\"><img loading=\"lazy\" decoding=\"async\" width=\"156\" height=\"164\" src=\"https:\/\/cidw.de\/wp-content\/uploads\/2024\/04\/5-2.png\" alt=\"\" class=\"wp-image-430\" style=\"width:70px;height:auto\"\/><\/figure><\/div>\n\n<p class=\"has-text-align-center has-text-color\" style=\"color:#252525;margin-top:0.51rem;font-size:clamp(0.875rem, 0.875rem + ((1vw - 0.2rem) * 0.058), 0.91rem);font-style:normal;font-weight:500;line-height:1.5\">We provide a nuanced understanding of China through years of expertise gained in and with the country, grounded in rigorous academic study of its politics, economy, society, language, and culture.<\/p><\/div>\n\n<div class=\"wp-block-column has-global-padding is-layout-constrained wp-container-core-column-is-layout-8 wp-block-column-is-layout-constrained\" style=\"padding-right:1rem;padding-bottom:2rem;padding-left:1rem\"><div class=\"wp-block-group has-global-padding is-layout-constrained wp-container-core-group-is-layout-6 wp-block-group-is-layout-constrained\"><figure class=\"wp-block-image aligncenter size-full is-resized wp-duotone-unset-5\"><img loading=\"lazy\" decoding=\"async\" width=\"149\" height=\"147\" src=\"https:\/\/cidw.de\/wp-content\/uploads\/2024\/04\/4-2.png\" alt=\"\" class=\"wp-image-429\" style=\"width:72px;height:auto\"\/><\/figure><\/div>\n\n<p class=\"has-text-align-center has-text-color\" style=\"color:#252525;margin-top:0.51rem;font-size:clamp(0.875rem, 0.875rem + ((1vw - 0.2rem) * 0.058), 0.91rem);font-style:normal;font-weight:500;line-height:1.5\">Together with you, we develop answers to the questions arising from China\u2019s current domestic and foreign political developments.<\/p><\/div><\/div><\/div><\/div><div class=\"wp-block-group alignfull has-background has-global-padding is-layout-constrained wp-container-core-group-is-layout-10 wp-block-group-is-layout-constrained\" style=\"background-color:#a8262c;margin-top:0;margin-bottom:0;padding-top:4rem;padding-right:1rem;padding-bottom:3rem;padding-left:1rem\"><div class=\"wp-block-columns is-layout-flex wp-container-core-columns-is-layout-4 wp-block-columns-is-layout-flex\"><div class=\"wp-block-column is-layout-flow wp-block-column-is-layout-flow\" style=\"flex-basis:33.33%\"><div style=\"height:67px\" aria-hidden=\"true\" class=\"wp-block-spacer\"><\/div>\n\n<div style=\"height:23px\" aria-hidden=\"true\" class=\"wp-block-spacer\"><\/div>\n\n<figure class=\"wp-block-image alignright size-full is-resized\"><img loading=\"lazy\" decoding=\"async\" width=\"310\" height=\"309\" src=\"https:\/\/cidw.de\/wp-content\/uploads\/2024\/04\/1-3.png\" alt=\"\" class=\"wp-image-480\" style=\"width:60px\" srcset=\"https:\/\/cidw.de\/wp-content\/uploads\/2024\/04\/1-3.png 310w, https:\/\/cidw.de\/wp-content\/uploads\/2024\/04\/1-3-300x300.png 300w, https:\/\/cidw.de\/wp-content\/uploads\/2024\/04\/1-3-150x150.png 150w, https:\/\/cidw.de\/wp-content\/uploads\/2024\/04\/1-3-75x75.png 75w\" sizes=\"(max-width: 310px) 100vw, 310px\" \/><\/figure>\n\n<div style=\"height:67px\" aria-hidden=\"true\" class=\"wp-block-spacer\"><\/div>\n\n<figure class=\"wp-block-image alignright size-full is-resized\"><img loading=\"lazy\" decoding=\"async\" width=\"314\" height=\"305\" src=\"https:\/\/cidw.de\/wp-content\/uploads\/2024\/04\/2-4.png\" alt=\"\" class=\"wp-image-481\" style=\"width:60px\" srcset=\"https:\/\/cidw.de\/wp-content\/uploads\/2024\/04\/2-4.png 314w, https:\/\/cidw.de\/wp-content\/uploads\/2024\/04\/2-4-300x291.png 300w\" sizes=\"(max-width: 314px) 100vw, 314px\" \/><\/figure>\n\n<div style=\"height:67px\" aria-hidden=\"true\" class=\"wp-block-spacer\"><\/div>\n\n<figure class=\"wp-block-image alignright size-full is-resized\"><img loading=\"lazy\" decoding=\"async\" width=\"312\" height=\"310\" src=\"https:\/\/cidw.de\/wp-content\/uploads\/2024\/04\/3-6.png\" alt=\"\" class=\"wp-image-482\" style=\"width:60px\" srcset=\"https:\/\/cidw.de\/wp-content\/uploads\/2024\/04\/3-6.png 312w, https:\/\/cidw.de\/wp-content\/uploads\/2024\/04\/3-6-300x298.png 300w, https:\/\/cidw.de\/wp-content\/uploads\/2024\/04\/3-6-150x150.png 150w, https:\/\/cidw.de\/wp-content\/uploads\/2024\/04\/3-6-75x75.png 75w\" sizes=\"(max-width: 312px) 100vw, 312px\" \/><\/figure>\n\n<div style=\"height:67px\" aria-hidden=\"true\" class=\"wp-block-spacer\"><\/div>\n\n<figure class=\"wp-block-image alignright size-full is-resized\"><img loading=\"lazy\" decoding=\"async\" width=\"320\" height=\"310\" src=\"https:\/\/cidw.de\/wp-content\/uploads\/2024\/04\/4-3.png\" alt=\"\" class=\"wp-image-483\" style=\"width:60px\" srcset=\"https:\/\/cidw.de\/wp-content\/uploads\/2024\/04\/4-3.png 320w, https:\/\/cidw.de\/wp-content\/uploads\/2024\/04\/4-3-300x291.png 300w\" sizes=\"(max-width: 320px) 100vw, 320px\" \/><\/figure><\/div>\n\n<div class=\"wp-block-column is-layout-flow wp-block-column-is-layout-flow\" style=\"flex-basis:66.66%\"><p class=\"has-base-2-color has-text-color has-link-color has-x-large-font-size wp-elements-9ec4a81fe927ed21110bac6f067b59fe\"><strong>OUR PRINCIPLES<\/strong><\/p>\n\n<div class=\"wp-block-group has-global-padding is-layout-constrained wp-block-group-is-layout-constrained\"><div style=\"height:23px\" aria-hidden=\"true\" class=\"wp-block-spacer\"><\/div>\n\n<p class=\"has-text-align-left has-base-2-color has-text-color has-link-color wp-elements-fc1174114668b271e71b2a628259a802\"><strong>In-Depth and Balanced Analysis<\/strong><\/p>\n\n<p class=\"has-text-align-left has-base-2-color has-text-color has-link-color has-small-font-size wp-elements-f0b8e58b81b0d1c99bc840eb6358e2b5\">No biased framing of China, but also no naive admiration.<\/p>\n\n<div style=\"height:12px\" aria-hidden=\"true\" class=\"wp-block-spacer\"><\/div>\n\n<p class=\"has-text-align-left has-base-2-color has-text-color has-link-color wp-elements-f4866322e8b5e54cf4bbef1e6457a81b\"><strong>Pragmatism<\/strong><\/p>\n\n<p class=\"has-text-align-left has-base-2-color has-text-color has-link-color has-small-font-size wp-elements-a3e6fed03d0f2de3b6b9af616c985c21\">CIDW does not promote simplistic black-and-white thinking; instead, we help German companies develop a pragmatic stance within the globalized world and in their engagement with China.<\/p>\n\n<div style=\"height:12px\" aria-hidden=\"true\" class=\"wp-block-spacer\"><\/div>\n\n<p class=\"has-text-align-left has-base-2-color has-text-color has-link-color wp-elements-dcad2933454e7d9d932a1dfcfbcbb348\"><strong>Evidence-Based Approach<\/strong><\/p>\n\n<p class=\"has-text-align-left has-base-2-color has-text-color has-link-color has-small-font-size wp-elements-a3df75d02cb389881aa7484bcb637b80\">Our work is based solely on rigorous scientific analysis and facts. We incorporate German, Chinese, and international sources into everything we do.<\/p>\n\n<div style=\"height:12px\" aria-hidden=\"true\" class=\"wp-block-spacer\"><\/div>\n\n<p class=\"has-base-2-color has-text-color has-link-color wp-elements-1a1cb0ace8807e27d84ee698438c2076\"><strong>Engaging with Challenging Topics<\/strong><\/p>\n\n<p class=\"has-base-2-color has-text-color has-link-color has-small-font-size wp-elements-db423e941fd7bb432443fa667bfceeff\">CIDW adopts a confident and critical stance toward China and addresses challenging topics openly. We assist German companies in developing the right (communication) strategy to navigate these complex issues effectively.<\/p>\n\n<div style=\"height:12px\" aria-hidden=\"true\" class=\"wp-block-spacer\"><\/div><\/div><\/div><\/div><\/div>","protected":false},"excerpt":{"rendered":"<p>Ihr Partner f\u00fcr mehr China-Kompetenz Das China-Institut f\u00fcr die deutsche Wirtschaft (CIDW) bietet eine einzigartige Kombination aus fundierter Forschung und praxisorientierter Beratung. Als deutsch-chinesisches Team mit langj\u00e4hriger internationaler Erfahrung bringen wir einen interdisziplin\u00e4ren wissenschaftlichen Hintergrund und eine breite Expertise aus verschiedenen Branchen und Unternehmensgr\u00f6\u00dfen mit. Wir betrachten Probleme aus verschiedenen Blickwinkeln und nutzen Originalquellen f\u00fcr [&hellip;]<\/p>\n","protected":false},"author":2,"featured_media":0,"parent":0,"menu_order":0,"comment_status":"closed","ping_status":"closed","template":"","meta":{"_eb_attr":"","footnotes":""},"yoast_head":"<!-- This site is optimized with the Yoast SEO plugin v24.5 - https:\/\/yoast.com\/wordpress\/plugins\/seo\/ -->\n<title>\u00dcber CIDW - China-Institut f\u00fcr die deutsche Wirtschaft (CIDW)<\/title>\n<meta name=\"robots\" content=\"index, follow, max-snippet:-1, max-image-preview:large, max-video-preview:-1\" \/>\n<link rel=\"canonical\" href=\"https:\/\/cidw.de\/en\/uebercidw\/\" \/>\n<meta property=\"og:locale\" content=\"en_US\" \/>\n<meta property=\"og:type\" content=\"article\" \/>\n<meta property=\"og:title\" content=\"\u00dcber CIDW - China-Institut f\u00fcr die deutsche Wirtschaft (CIDW)\" \/>\n<meta property=\"og:description\" content=\"Ihr Partner f\u00fcr mehr China-Kompetenz Das China-Institut f\u00fcr die deutsche Wirtschaft (CIDW) bietet eine einzigartige Kombination aus fundierter Forschung und praxisorientierter Beratung. Als deutsch-chinesisches Team mit langj\u00e4hriger internationaler Erfahrung bringen wir einen interdisziplin\u00e4ren wissenschaftlichen Hintergrund und eine breite Expertise aus verschiedenen Branchen und Unternehmensgr\u00f6\u00dfen mit. Wir betrachten Probleme aus verschiedenen Blickwinkeln und nutzen Originalquellen f\u00fcr [&hellip;]\" \/>\n<meta property=\"og:url\" content=\"https:\/\/cidw.de\/en\/uebercidw\/\" \/>\n<meta property=\"og:site_name\" content=\"China-Institut f\u00fcr die deutsche Wirtschaft (CIDW)\" \/>\n<meta property=\"article:modified_time\" content=\"2024-04-24T07:36:08+00:00\" \/>\n<meta property=\"og:image\" content=\"https:\/\/cidwinstitute.files.wordpress.com\/2024\/04\/adobestock_271171292-1.jpeg\" \/>\n<meta name=\"twitter:card\" content=\"summary_large_image\" \/>\n<meta name=\"twitter:label1\" content=\"Est. reading time\" \/>\n\t<meta name=\"twitter:data1\" content=\"2 minutes\" \/>\n<script type=\"application\/ld+json\" class=\"yoast-schema-graph\">{\"@context\":\"https:\/\/schema.org\",\"@graph\":[{\"@type\":\"WebPage\",\"@id\":\"https:\/\/cidw.de\/uebercidw\/\",\"url\":\"https:\/\/cidw.de\/uebercidw\/\",\"name\":\"\u00dcber CIDW - China-Institut f\u00fcr die deutsche Wirtschaft (CIDW)\",\"isPartOf\":{\"@id\":\"https:\/\/cidw.de\/#website\"},\"primaryImageOfPage\":{\"@id\":\"https:\/\/cidw.de\/uebercidw\/#primaryimage\"},\"image\":{\"@id\":\"https:\/\/cidw.de\/uebercidw\/#primaryimage\"},\"thumbnailUrl\":\"https:\/\/cidwinstitute.files.wordpress.com\/2024\/04\/adobestock_271171292-1.jpeg\",\"datePublished\":\"2024-04-12T14:14:55+00:00\",\"dateModified\":\"2024-04-24T07:36:08+00:00\",\"breadcrumb\":{\"@id\":\"https:\/\/cidw.de\/uebercidw\/#breadcrumb\"},\"inLanguage\":\"en-US\",\"potentialAction\":[{\"@type\":\"ReadAction\",\"target\":[\"https:\/\/cidw.de\/uebercidw\/\"]}]},{\"@type\":\"ImageObject\",\"inLanguage\":\"en-US\",\"@id\":\"https:\/\/cidw.de\/uebercidw\/#primaryimage\",\"url\":\"https:\/\/cidwinstitute.files.wordpress.com\/2024\/04\/adobestock_271171292-1.jpeg\",\"contentUrl\":\"https:\/\/cidwinstitute.files.wordpress.com\/2024\/04\/adobestock_271171292-1.jpeg\"},{\"@type\":\"BreadcrumbList\",\"@id\":\"https:\/\/cidw.de\/uebercidw\/#breadcrumb\",\"itemListElement\":[{\"@type\":\"ListItem\",\"position\":1,\"name\":\"Startseite\",\"item\":\"https:\/\/cidw.de\/\"},{\"@type\":\"ListItem\",\"position\":2,\"name\":\"\u00dcber CIDW\"}]},{\"@type\":\"WebSite\",\"@id\":\"https:\/\/cidw.de\/#website\",\"url\":\"https:\/\/cidw.de\/\",\"name\":\"China-Institut f\u00fcr die deutsche Wirtschaft (CIDW)\",\"description\":\"Wir bieten Strategie- und Risikomanagementberatung f\u00fcr KMUs mit Chinagesch\u00e4ft\",\"publisher\":{\"@id\":\"https:\/\/cidw.de\/#organization\"},\"potentialAction\":[{\"@type\":\"SearchAction\",\"target\":{\"@type\":\"EntryPoint\",\"urlTemplate\":\"https:\/\/cidw.de\/?s={search_term_string}\"},\"query-input\":{\"@type\":\"PropertyValueSpecification\",\"valueRequired\":true,\"valueName\":\"search_term_string\"}}],\"inLanguage\":\"en-US\"},{\"@type\":\"Organization\",\"@id\":\"https:\/\/cidw.de\/#organization\",\"name\":\"China-Institut f\u00fcr die deutsche Wirtschaft (CIDW)\",\"url\":\"https:\/\/cidw.de\/\",\"logo\":{\"@type\":\"ImageObject\",\"inLanguage\":\"en-US\",\"@id\":\"https:\/\/cidw.de\/#\/schema\/logo\/image\/\",\"url\":\"https:\/\/cidw.de\/wp-content\/uploads\/2024\/04\/Logo_CIDW-edited-1.png\",\"contentUrl\":\"https:\/\/cidw.de\/wp-content\/uploads\/2024\/04\/Logo_CIDW-edited-1.png\",\"width\":2481,\"height\":1396,\"caption\":\"China-Institut f\u00fcr die deutsche Wirtschaft (CIDW)\"},\"image\":{\"@id\":\"https:\/\/cidw.de\/#\/schema\/logo\/image\/\"}}]}<\/script>\n<!-- \/ Yoast SEO plugin. -->","yoast_head_json":{"title":"\u00dcber CIDW - China-Institut f\u00fcr die deutsche Wirtschaft (CIDW)","robots":{"index":"index","follow":"follow","max-snippet":"max-snippet:-1","max-image-preview":"max-image-preview:large","max-video-preview":"max-video-preview:-1"},"canonical":"https:\/\/cidw.de\/en\/uebercidw\/","og_locale":"en_US","og_type":"article","og_title":"\u00dcber CIDW - China-Institut f\u00fcr die deutsche Wirtschaft (CIDW)","og_description":"Ihr Partner f\u00fcr mehr China-Kompetenz Das China-Institut f\u00fcr die deutsche Wirtschaft (CIDW) bietet eine einzigartige Kombination aus fundierter Forschung und praxisorientierter Beratung. Als deutsch-chinesisches Team mit langj\u00e4hriger internationaler Erfahrung bringen wir einen interdisziplin\u00e4ren wissenschaftlichen Hintergrund und eine breite Expertise aus verschiedenen Branchen und Unternehmensgr\u00f6\u00dfen mit. Wir betrachten Probleme aus verschiedenen Blickwinkeln und nutzen Originalquellen f\u00fcr [&hellip;]","og_url":"https:\/\/cidw.de\/en\/uebercidw\/","og_site_name":"China-Institut f\u00fcr die deutsche Wirtschaft (CIDW)","article_modified_time":"2024-04-24T07:36:08+00:00","og_image":[{"url":"https:\/\/cidwinstitute.files.wordpress.com\/2024\/04\/adobestock_271171292-1.jpeg","type":"","width":"","height":""}],"twitter_card":"summary_large_image","twitter_misc":{"Est. reading time":"2 minutes"},"schema":{"@context":"https:\/\/schema.org","@graph":[{"@type":"WebPage","@id":"https:\/\/cidw.de\/uebercidw\/","url":"https:\/\/cidw.de\/uebercidw\/","name":"\u00dcber CIDW - China-Institut f\u00fcr die deutsche Wirtschaft (CIDW)","isPartOf":{"@id":"https:\/\/cidw.de\/#website"},"primaryImageOfPage":{"@id":"https:\/\/cidw.de\/uebercidw\/#primaryimage"},"image":{"@id":"https:\/\/cidw.de\/uebercidw\/#primaryimage"},"thumbnailUrl":"https:\/\/cidwinstitute.files.wordpress.com\/2024\/04\/adobestock_271171292-1.jpeg","datePublished":"2024-04-12T14:14:55+00:00","dateModified":"2024-04-24T07:36:08+00:00","breadcrumb":{"@id":"https:\/\/cidw.de\/uebercidw\/#breadcrumb"},"inLanguage":"en-US","potentialAction":[{"@type":"ReadAction","target":["https:\/\/cidw.de\/uebercidw\/"]}]},{"@type":"ImageObject","inLanguage":"en-US","@id":"https:\/\/cidw.de\/uebercidw\/#primaryimage","url":"https:\/\/cidwinstitute.files.wordpress.com\/2024\/04\/adobestock_271171292-1.jpeg","contentUrl":"https:\/\/cidwinstitute.files.wordpress.com\/2024\/04\/adobestock_271171292-1.jpeg"},{"@type":"BreadcrumbList","@id":"https:\/\/cidw.de\/uebercidw\/#breadcrumb","itemListElement":[{"@type":"ListItem","position":1,"name":"Startseite","item":"https:\/\/cidw.de\/"},{"@type":"ListItem","position":2,"name":"\u00dcber CIDW"}]},{"@type":"WebSite","@id":"https:\/\/cidw.de\/#website","url":"https:\/\/cidw.de\/","name":"China-Institut f\u00fcr die deutsche Wirtschaft (CIDW)","description":"Wir bieten Strategie- und Risikomanagementberatung f\u00fcr KMUs mit Chinagesch\u00e4ft","publisher":{"@id":"https:\/\/cidw.de\/#organization"},"potentialAction":[{"@type":"SearchAction","target":{"@type":"EntryPoint","urlTemplate":"https:\/\/cidw.de\/?s={search_term_string}"},"query-input":{"@type":"PropertyValueSpecification","valueRequired":true,"valueName":"search_term_string"}}],"inLanguage":"en-US"},{"@type":"Organization","@id":"https:\/\/cidw.de\/#organization","name":"China-Institut f\u00fcr die deutsche Wirtschaft (CIDW)","url":"https:\/\/cidw.de\/","logo":{"@type":"ImageObject","inLanguage":"en-US","@id":"https:\/\/cidw.de\/#\/schema\/logo\/image\/","url":"https:\/\/cidw.de\/wp-content\/uploads\/2024\/04\/Logo_CIDW-edited-1.png","contentUrl":"https:\/\/cidw.de\/wp-content\/uploads\/2024\/04\/Logo_CIDW-edited-1.png","width":2481,"height":1396,"caption":"China-Institut f\u00fcr die deutsche Wirtschaft (CIDW)"},"image":{"@id":"https:\/\/cidw.de\/#\/schema\/logo\/image\/"}}]}},"jetpack_sharing_enabled":true,"_links":{"self":[{"href":"https:\/\/cidw.de\/en\/wp-json\/wp\/v2\/pages\/128"}],"collection":[{"href":"https:\/\/cidw.de\/en\/wp-json\/wp\/v2\/pages"}],"about":[{"href":"https:\/\/cidw.de\/en\/wp-json\/wp\/v2\/types\/page"}],"author":[{"embeddable":true,"href":"https:\/\/cidw.de\/en\/wp-json\/wp\/v2\/users\/2"}],"replies":[{"embeddable":true,"href":"https:\/\/cidw.de\/en\/wp-json\/wp\/v2\/comments?post=128"}],"version-history":[{"count":39,"href":"https:\/\/cidw.de\/en\/wp-json\/wp\/v2\/pages\/128\/revisions"}],"predecessor-version":[{"id":714,"href":"https:\/\/cidw.de\/en\/wp-json\/wp\/v2\/pages\/128\/revisions\/714"}],"wp:attachment":[{"href":"https:\/\/cidw.de\/en\/wp-json\/wp\/v2\/media?parent=128"}],"curies":[{"name":"wp","href":"https:\/\/api.w.org\/{rel}","templated":true}]}}