{"id":1012,"date":"2025-01-30T10:51:14","date_gmt":"2025-01-30T10:51:14","guid":{"rendered":"https:\/\/cidw.de\/?page_id=1012"},"modified":"2025-10-31T12:33:00","modified_gmt":"2025-10-31T12:33:00","slug":"veranstaltung","status":"publish","type":"page","link":"https:\/\/cidw.de\/en\/veranstaltung\/","title":{"rendered":"Events"},"content":{"rendered":"<div class=\"wp-block-cover alignfull\" style=\"min-height:289px;aspect-ratio:unset;\"><span aria-hidden=\"true\" class=\"wp-block-cover__background has-background-dim\" style=\"background-color:#8a877f\"><\/span><img loading=\"lazy\" decoding=\"async\" width=\"2560\" height=\"1707\" class=\"wp-block-cover__image-background wp-image-1013\" alt=\"\" src=\"https:\/\/cidw.de\/wp-content\/uploads\/2025\/01\/AdobeStock_216576334-scaled.jpeg\" data-object-fit=\"cover\" srcset=\"https:\/\/cidw.de\/wp-content\/uploads\/2025\/01\/AdobeStock_216576334-scaled.jpeg 2560w, https:\/\/cidw.de\/wp-content\/uploads\/2025\/01\/AdobeStock_216576334-300x200.jpeg 300w, https:\/\/cidw.de\/wp-content\/uploads\/2025\/01\/AdobeStock_216576334-1024x683.jpeg 1024w, https:\/\/cidw.de\/wp-content\/uploads\/2025\/01\/AdobeStock_216576334-768x512.jpeg 768w, https:\/\/cidw.de\/wp-content\/uploads\/2025\/01\/AdobeStock_216576334-1536x1024.jpeg 1536w, https:\/\/cidw.de\/wp-content\/uploads\/2025\/01\/AdobeStock_216576334-2048x1365.jpeg 2048w, https:\/\/cidw.de\/wp-content\/uploads\/2025\/01\/AdobeStock_216576334-1320x880.jpeg 1320w, https:\/\/cidw.de\/wp-content\/uploads\/2025\/01\/AdobeStock_216576334-600x400.jpeg 600w\" sizes=\"(max-width: 2560px) 100vw, 2560px\" \/><div class=\"wp-block-cover__inner-container is-layout-flow wp-block-cover-is-layout-flow\"><p class=\"has-text-align-center has-base-2-color has-text-color has-link-color wp-elements-04db93272af1ed68b3ef3544ca0a08cf\" style=\"font-size:clamp(31.609px, 1.976rem + ((1vw - 3.2px) * 2.541), 56px);\"><strong>Events<\/strong><\/p><\/div><\/div><div class=\"wp-block-group alignfull has-global-padding is-content-justification-center is-layout-constrained wp-container-core-group-is-layout-2 wp-block-group-is-layout-constrained\" style=\"border-style:none;border-width:0px;min-height:0px;padding-top:0.9rem;padding-right:0;padding-bottom:0.9rem;padding-left:0\"><div class=\"wp-block-columns is-layout-flex wp-container-core-columns-is-layout-1 wp-block-columns-is-layout-flex\" style=\"margin-top:0;margin-bottom:0;padding-right:0;padding-left:0\"><div class=\"wp-block-column is-layout-flow wp-container-core-column-is-layout-1 wp-block-column-is-layout-flow\" style=\"border-style:none;border-width:0px;padding-right:var(--wp--preset--spacing--20);padding-left:var(--wp--preset--spacing--20)\"><div class=\"wp-block-group has-global-padding is-layout-constrained wp-container-core-group-is-layout-1 wp-block-group-is-layout-constrained\" style=\"padding-top:1rem;padding-right:1rem;padding-bottom:1rem;padding-left:1rem\"><figure class=\"wp-block-image size-large\"><img loading=\"lazy\" decoding=\"async\" width=\"1024\" height=\"536\" src=\"https:\/\/cidw.de\/wp-content\/uploads\/2025\/10\/4-1024x536.png\" alt=\"\" class=\"wp-image-1222\" srcset=\"https:\/\/cidw.de\/wp-content\/uploads\/2025\/10\/4-1024x536.png 1024w, https:\/\/cidw.de\/wp-content\/uploads\/2025\/10\/4-300x157.png 300w, https:\/\/cidw.de\/wp-content\/uploads\/2025\/10\/4-768x402.png 768w, https:\/\/cidw.de\/wp-content\/uploads\/2025\/10\/4-18x9.png 18w, https:\/\/cidw.de\/wp-content\/uploads\/2025\/10\/4-600x314.png 600w, https:\/\/cidw.de\/wp-content\/uploads\/2025\/10\/4.png 1191w\" sizes=\"(max-width: 1024px) 100vw, 1024px\" \/><\/figure>\n\n<h2 class=\"wp-block-heading has-text-align-left has-accent-3-color has-text-color has-link-color wp-elements-5ce2ce99eb874676a5e8ba281191b839\" style=\"font-size:clamp(0.984rem, 0.984rem + ((1vw - 0.2rem) * 0.86), 1.5rem);font-style:normal;font-weight:400\"><strong>Chinas Exportkontrollen im geopolitischen Kontext \u2013 Szenarien, Risiken und strategische Optionen f\u00fcr Unternehmen<\/strong><\/h2>\n\n<p class=\"has-medium-font-size\"><strong>Datum: <\/strong>13. November 2025 &nbsp;<\/p>\n\n<p class=\"has-medium-font-size\"><strong>Zeit: <\/strong>Ab 8:30, ca. 90-100 Minuten<\/p>\n\n<p class=\"has-medium-font-size\"><strong>Format:<\/strong> Online (Zoom)<\/p>\n\n<p class=\"has-medium-font-size\"><strong>Sprache:<\/strong> Deutsch&nbsp;<\/p>\n\n<p class=\"has-medium-font-size\"><strong>Teilnahmegeb\u00fchr: <\/strong>150\u202f\u20ac&nbsp;<\/p>\n\n<p><em><strong>Der Workshop ist eine gemeinsame Veranstaltung des China-Instituts f\u00fcr die deutsche Wirtschaft (CIDW) und der RSBK Strategie Beratung Kommunikation AG.&nbsp;<\/strong><\/em><\/p>\n\n<h5 class=\"wp-block-heading\"><strong>Thematik: &nbsp;<\/strong><\/h5>\n\n<p>Am 9. Oktober hat China mit neuen Exportkontrollen f\u00fcr Seltene Erden und verwandte Technologien ein deutliches Zeichen gesetzt: Der Zugang zu kritischen Rohstoffen wird zunehmend ein auch geopolitisches Thema. Betroffen sind nicht nur die Ausfuhr mineralischer Rohstoffe, sondern erstmals auch Technologien, Software und sogar im Ausland gefertigte Produkte mit chinesischem Input.<br>F\u00fcr deutsche Unternehmen ist das kein fernes Problem, sondern ein strategisches Warnsignal in einer Zeit wachsender globaler Spannungen. Trotz der Entspannung, die die vorl\u00e4ufigen Vereinbarungen zwischen den USA und China (vor\u00fcbergehend) bedeuten, bleibt das Thema einer technologischen Entkopplung auch f\u00fcr Europa \u00e4u\u00dferst relevant Der Fall Nexperia verdeutlicht, wie eng wirtschaftliche und geopolitische Fragen inzwischen miteinander verkn\u00fcpft sind und wirft die Frage auf, wie Europa und China auf wirtschaftliche Verwerfungen vermeiden k\u00f6nnen.<\/p>\n\n<p>RSBK und das China Institut f\u00fcr die deutsche Wirtschaft (CIDW) wollen die Problematik in einem Workshop &#8222;Chinas Exportkontrollen im geopolitischen Kontext \u2013 Szenarien, Risiken und strategische Optionen f\u00fcr Unternehmen&#8220; behandeln.<\/p>\n\n<h5 class=\"wp-block-heading\"><strong>Was erwartet Sie?&nbsp;<\/strong><\/h5>\n\n<ol><li class=\"has-lato-font-family has-medium-font-size\"><strong>Geopolitischer Kontext &amp; Regulierungstrends:<\/strong>&nbsp;Einordnung der neuen Exportkontrollen als strategisches Instrument im globalen Machtgef\u00fcge mit Blick auf China, USA und die EU.&nbsp;<\/li>\n\n<li class=\"has-lato-font-family has-medium-font-size\"><strong>Auswirkungen auf Branchen &amp; Wertsch\u00f6pfungsketten:&nbsp;<\/strong>Welche Industrien besonders betroffen sind und wie sich kritische Abh\u00e4ngigkeiten identifizieren lassen.&nbsp;<\/li>\n\n<li class=\"has-lato-font-family has-medium-font-size\"><strong>Szenarien bis 2030:<\/strong>&nbsp;Denkbare Entwicklungen der globalen Rohstoffordnung von stabilisierter Koexistenz bis hin zur Eskalation.&nbsp;<\/li>\n\n<li class=\"has-lato-font-family has-medium-font-size\"><strong>Strategische Optionen f\u00fcr Unternehmen:&nbsp;<\/strong>Was jetzt zu tun ist: Von kurzfristiger Transparenz in der Lieferkette bis zu langfristigen \u00dcberlegungen zu Diversifizierung, Substitution und resilienten Gesch\u00e4ftsmodellen. &nbsp;<\/li>\n\n<li class=\"has-lato-font-family has-medium-font-size\"><strong>Interaktives Q&amp;A &amp; Erfahrungsaustausch:<\/strong>&nbsp;Raum f\u00fcr Ihre Fragen, Herausforderungen und konkrete Ableitungen f\u00fcr Ihre Unternehmensrealit\u00e4t.&nbsp;<\/li><\/ol>\n\n<h5 class=\"wp-block-heading\"><strong>Referenten:<\/strong><\/h5>\n\n<ul><li class=\"has-lato-font-family has-medium-font-size\">Rudolf Scharping, Vorstand RSBK AG&nbsp;<\/li>\n\n<li class=\"has-lato-font-family has-medium-font-size\">Prof. Dr. Klaus M\u00fchlhahn, Freie Universit\u00e4t Berlin, Institut f\u00fcr Chinastudien&nbsp;<\/li><\/ul>\n\n<div class=\"wp-block-buttons is-content-justification-left is-layout-flex wp-container-core-buttons-is-layout-1 wp-block-buttons-is-layout-flex\" style=\"margin-top:2.01rem;margin-bottom:0\"><div class=\"wp-block-button has-custom-font-size is-style-outline\" style=\"font-size:clamp(0.875em, 0.875rem + ((1vw - 0.2em) * 0.225), 1.01em);text-transform:uppercase\"><a class=\"wp-block-button__link has-base-color has-accent-3-background-color has-text-color has-background has-border-color has-base-2-border-color wp-element-button\" href=\"https:\/\/www.rsbk.de\/workshops\" style=\"border-width:1px;border-radius:30px;padding-top:0.8em;padding-right:3.2rem;padding-bottom:0.8em;padding-left:3.2rem\"><strong>JETZT ANMELDEN<\/strong><\/a><\/div><\/div><\/div><\/div><\/div><\/div>","protected":false},"excerpt":{"rendered":"<p>Chinas Exportkontrollen im geopolitischen Kontext \u2013 Szenarien, Risiken und strategische Optionen f\u00fcr Unternehmen Datum: 13. November 2025 &nbsp; Zeit: Ab 8:30, ca. 90-100 Minuten Format: Online (Zoom) Sprache: Deutsch&nbsp; Teilnahmegeb\u00fchr: 150\u202f\u20ac&nbsp; Der Workshop ist eine gemeinsame Veranstaltung des China-Instituts f\u00fcr die deutsche Wirtschaft (CIDW) und der RSBK Strategie Beratung Kommunikation AG.&nbsp; Thematik: &nbsp; Am 9. [&hellip;]<\/p>\n","protected":false},"author":2,"featured_media":0,"parent":0,"menu_order":0,"comment_status":"closed","ping_status":"closed","template":"","meta":{"_eb_attr":"","footnotes":"[]"},"yoast_head":"<!-- This site is optimized with the Yoast SEO plugin v24.5 - https:\/\/yoast.com\/wordpress\/plugins\/seo\/ -->\n<title>Veranstaltungen - China-Institut f\u00fcr die deutsche Wirtschaft (CIDW)<\/title>\n<meta name=\"robots\" content=\"index, follow, max-snippet:-1, max-image-preview:large, max-video-preview:-1\" \/>\n<link rel=\"canonical\" href=\"https:\/\/cidw.de\/en\/veranstaltung\/\" \/>\n<meta property=\"og:locale\" content=\"en_US\" \/>\n<meta property=\"og:type\" content=\"article\" \/>\n<meta property=\"og:title\" content=\"Veranstaltungen - China-Institut f\u00fcr die deutsche Wirtschaft (CIDW)\" \/>\n<meta property=\"og:description\" content=\"Chinas Exportkontrollen im geopolitischen Kontext \u2013 Szenarien, Risiken und strategische Optionen f\u00fcr Unternehmen Datum: 13. November 2025 &nbsp; Zeit: Ab 8:30, ca. 90-100 Minuten Format: Online (Zoom) Sprache: Deutsch&nbsp; Teilnahmegeb\u00fchr: 150\u202f\u20ac&nbsp; Der Workshop ist eine gemeinsame Veranstaltung des China-Instituts f\u00fcr die deutsche Wirtschaft (CIDW) und der RSBK Strategie Beratung Kommunikation AG.&nbsp; Thematik: &nbsp; Am 9. [&hellip;]\" \/>\n<meta property=\"og:url\" content=\"https:\/\/cidw.de\/en\/veranstaltung\/\" \/>\n<meta property=\"og:site_name\" content=\"China-Institut f\u00fcr die deutsche Wirtschaft (CIDW)\" \/>\n<meta property=\"article:modified_time\" content=\"2025-10-31T12:33:00+00:00\" \/>\n<meta property=\"og:image\" content=\"https:\/\/cidw.de\/wp-content\/uploads\/2025\/01\/AdobeStock_216576334-scaled.jpeg\" \/>\n\t<meta property=\"og:image:width\" content=\"2560\" \/>\n\t<meta property=\"og:image:height\" content=\"1707\" \/>\n\t<meta property=\"og:image:type\" content=\"image\/jpeg\" \/>\n<meta name=\"twitter:card\" content=\"summary_large_image\" \/>\n<meta name=\"twitter:label1\" content=\"Est. reading time\" \/>\n\t<meta name=\"twitter:data1\" content=\"3 minutes\" \/>\n<script type=\"application\/ld+json\" class=\"yoast-schema-graph\">{\"@context\":\"https:\/\/schema.org\",\"@graph\":[{\"@type\":\"WebPage\",\"@id\":\"https:\/\/cidw.de\/veranstaltung\/\",\"url\":\"https:\/\/cidw.de\/veranstaltung\/\",\"name\":\"Veranstaltungen - China-Institut f\u00fcr die deutsche Wirtschaft (CIDW)\",\"isPartOf\":{\"@id\":\"https:\/\/cidw.de\/#website\"},\"primaryImageOfPage\":{\"@id\":\"https:\/\/cidw.de\/veranstaltung\/#primaryimage\"},\"image\":{\"@id\":\"https:\/\/cidw.de\/veranstaltung\/#primaryimage\"},\"thumbnailUrl\":\"https:\/\/cidw.de\/wp-content\/uploads\/2025\/01\/AdobeStock_216576334-scaled.jpeg\",\"datePublished\":\"2025-01-30T10:51:14+00:00\",\"dateModified\":\"2025-10-31T12:33:00+00:00\",\"breadcrumb\":{\"@id\":\"https:\/\/cidw.de\/veranstaltung\/#breadcrumb\"},\"inLanguage\":\"en-US\",\"potentialAction\":[{\"@type\":\"ReadAction\",\"target\":[\"https:\/\/cidw.de\/veranstaltung\/\"]}]},{\"@type\":\"ImageObject\",\"inLanguage\":\"en-US\",\"@id\":\"https:\/\/cidw.de\/veranstaltung\/#primaryimage\",\"url\":\"https:\/\/cidw.de\/wp-content\/uploads\/2025\/01\/AdobeStock_216576334-scaled.jpeg\",\"contentUrl\":\"https:\/\/cidw.de\/wp-content\/uploads\/2025\/01\/AdobeStock_216576334-scaled.jpeg\"},{\"@type\":\"BreadcrumbList\",\"@id\":\"https:\/\/cidw.de\/veranstaltung\/#breadcrumb\",\"itemListElement\":[{\"@type\":\"ListItem\",\"position\":1,\"name\":\"Startseite\",\"item\":\"https:\/\/cidw.de\/\"},{\"@type\":\"ListItem\",\"position\":2,\"name\":\"Veranstaltungen\"}]},{\"@type\":\"WebSite\",\"@id\":\"https:\/\/cidw.de\/#website\",\"url\":\"https:\/\/cidw.de\/\",\"name\":\"China-Institut f\u00fcr die deutsche Wirtschaft (CIDW)\",\"description\":\"Wir bieten Strategie- und Risikomanagementberatung f\u00fcr KMUs mit Chinagesch\u00e4ft\",\"publisher\":{\"@id\":\"https:\/\/cidw.de\/#organization\"},\"potentialAction\":[{\"@type\":\"SearchAction\",\"target\":{\"@type\":\"EntryPoint\",\"urlTemplate\":\"https:\/\/cidw.de\/?s={search_term_string}\"},\"query-input\":{\"@type\":\"PropertyValueSpecification\",\"valueRequired\":true,\"valueName\":\"search_term_string\"}}],\"inLanguage\":\"en-US\"},{\"@type\":\"Organization\",\"@id\":\"https:\/\/cidw.de\/#organization\",\"name\":\"China-Institut f\u00fcr die deutsche Wirtschaft (CIDW)\",\"url\":\"https:\/\/cidw.de\/\",\"logo\":{\"@type\":\"ImageObject\",\"inLanguage\":\"en-US\",\"@id\":\"https:\/\/cidw.de\/#\/schema\/logo\/image\/\",\"url\":\"https:\/\/cidw.de\/wp-content\/uploads\/2024\/04\/Logo_CIDW-edited-1.png\",\"contentUrl\":\"https:\/\/cidw.de\/wp-content\/uploads\/2024\/04\/Logo_CIDW-edited-1.png\",\"width\":2481,\"height\":1396,\"caption\":\"China-Institut f\u00fcr die deutsche Wirtschaft (CIDW)\"},\"image\":{\"@id\":\"https:\/\/cidw.de\/#\/schema\/logo\/image\/\"}}]}<\/script>\n<!-- \/ Yoast SEO plugin. -->","yoast_head_json":{"title":"Veranstaltungen - China-Institut f\u00fcr die deutsche Wirtschaft (CIDW)","robots":{"index":"index","follow":"follow","max-snippet":"max-snippet:-1","max-image-preview":"max-image-preview:large","max-video-preview":"max-video-preview:-1"},"canonical":"https:\/\/cidw.de\/en\/veranstaltung\/","og_locale":"en_US","og_type":"article","og_title":"Veranstaltungen - China-Institut f\u00fcr die deutsche Wirtschaft (CIDW)","og_description":"Chinas Exportkontrollen im geopolitischen Kontext \u2013 Szenarien, Risiken und strategische Optionen f\u00fcr Unternehmen Datum: 13. November 2025 &nbsp; Zeit: Ab 8:30, ca. 90-100 Minuten Format: Online (Zoom) Sprache: Deutsch&nbsp; Teilnahmegeb\u00fchr: 150\u202f\u20ac&nbsp; Der Workshop ist eine gemeinsame Veranstaltung des China-Instituts f\u00fcr die deutsche Wirtschaft (CIDW) und der RSBK Strategie Beratung Kommunikation AG.&nbsp; Thematik: &nbsp; Am 9. [&hellip;]","og_url":"https:\/\/cidw.de\/en\/veranstaltung\/","og_site_name":"China-Institut f\u00fcr die deutsche Wirtschaft (CIDW)","article_modified_time":"2025-10-31T12:33:00+00:00","og_image":[{"width":2560,"height":1707,"url":"https:\/\/cidw.de\/wp-content\/uploads\/2025\/01\/AdobeStock_216576334-scaled.jpeg","type":"image\/jpeg"}],"twitter_card":"summary_large_image","twitter_misc":{"Est. reading time":"3 minutes"},"schema":{"@context":"https:\/\/schema.org","@graph":[{"@type":"WebPage","@id":"https:\/\/cidw.de\/veranstaltung\/","url":"https:\/\/cidw.de\/veranstaltung\/","name":"Veranstaltungen - China-Institut f\u00fcr die deutsche Wirtschaft (CIDW)","isPartOf":{"@id":"https:\/\/cidw.de\/#website"},"primaryImageOfPage":{"@id":"https:\/\/cidw.de\/veranstaltung\/#primaryimage"},"image":{"@id":"https:\/\/cidw.de\/veranstaltung\/#primaryimage"},"thumbnailUrl":"https:\/\/cidw.de\/wp-content\/uploads\/2025\/01\/AdobeStock_216576334-scaled.jpeg","datePublished":"2025-01-30T10:51:14+00:00","dateModified":"2025-10-31T12:33:00+00:00","breadcrumb":{"@id":"https:\/\/cidw.de\/veranstaltung\/#breadcrumb"},"inLanguage":"en-US","potentialAction":[{"@type":"ReadAction","target":["https:\/\/cidw.de\/veranstaltung\/"]}]},{"@type":"ImageObject","inLanguage":"en-US","@id":"https:\/\/cidw.de\/veranstaltung\/#primaryimage","url":"https:\/\/cidw.de\/wp-content\/uploads\/2025\/01\/AdobeStock_216576334-scaled.jpeg","contentUrl":"https:\/\/cidw.de\/wp-content\/uploads\/2025\/01\/AdobeStock_216576334-scaled.jpeg"},{"@type":"BreadcrumbList","@id":"https:\/\/cidw.de\/veranstaltung\/#breadcrumb","itemListElement":[{"@type":"ListItem","position":1,"name":"Startseite","item":"https:\/\/cidw.de\/"},{"@type":"ListItem","position":2,"name":"Veranstaltungen"}]},{"@type":"WebSite","@id":"https:\/\/cidw.de\/#website","url":"https:\/\/cidw.de\/","name":"China-Institut f\u00fcr die deutsche Wirtschaft (CIDW)","description":"Wir bieten Strategie- und Risikomanagementberatung f\u00fcr KMUs mit Chinagesch\u00e4ft","publisher":{"@id":"https:\/\/cidw.de\/#organization"},"potentialAction":[{"@type":"SearchAction","target":{"@type":"EntryPoint","urlTemplate":"https:\/\/cidw.de\/?s={search_term_string}"},"query-input":{"@type":"PropertyValueSpecification","valueRequired":true,"valueName":"search_term_string"}}],"inLanguage":"en-US"},{"@type":"Organization","@id":"https:\/\/cidw.de\/#organization","name":"China-Institut f\u00fcr die deutsche Wirtschaft (CIDW)","url":"https:\/\/cidw.de\/","logo":{"@type":"ImageObject","inLanguage":"en-US","@id":"https:\/\/cidw.de\/#\/schema\/logo\/image\/","url":"https:\/\/cidw.de\/wp-content\/uploads\/2024\/04\/Logo_CIDW-edited-1.png","contentUrl":"https:\/\/cidw.de\/wp-content\/uploads\/2024\/04\/Logo_CIDW-edited-1.png","width":2481,"height":1396,"caption":"China-Institut f\u00fcr die deutsche Wirtschaft (CIDW)"},"image":{"@id":"https:\/\/cidw.de\/#\/schema\/logo\/image\/"}}]}},"jetpack_sharing_enabled":true,"_links":{"self":[{"href":"https:\/\/cidw.de\/en\/wp-json\/wp\/v2\/pages\/1012"}],"collection":[{"href":"https:\/\/cidw.de\/en\/wp-json\/wp\/v2\/pages"}],"about":[{"href":"https:\/\/cidw.de\/en\/wp-json\/wp\/v2\/types\/page"}],"author":[{"embeddable":true,"href":"https:\/\/cidw.de\/en\/wp-json\/wp\/v2\/users\/2"}],"replies":[{"embeddable":true,"href":"https:\/\/cidw.de\/en\/wp-json\/wp\/v2\/comments?post=1012"}],"version-history":[{"count":14,"href":"https:\/\/cidw.de\/en\/wp-json\/wp\/v2\/pages\/1012\/revisions"}],"predecessor-version":[{"id":1223,"href":"https:\/\/cidw.de\/en\/wp-json\/wp\/v2\/pages\/1012\/revisions\/1223"}],"wp:attachment":[{"href":"https:\/\/cidw.de\/en\/wp-json\/wp\/v2\/media?parent=1012"}],"curies":[{"name":"wp","href":"https:\/\/api.w.org\/{rel}","templated":true}]}}